{"id":13471,"date":"2021-02-17T09:20:27","date_gmt":"2021-02-17T09:20:27","guid":{"rendered":"https:\/\/heino.nl\/datenschutzerklaerung\/"},"modified":"2023-03-06T15:42:55","modified_gmt":"2023-03-06T15:42:55","slug":"datenschutzerklaerung","status":"publish","type":"page","link":"https:\/\/heino.nl\/de\/datenschutzerklaerung\/","title":{"rendered":"Datenschutzerkl\u00e4rung"},"content":{"rendered":"<section class=\"l-section wpb_row height_custom\"><div class=\"l-section-h i-cf\"><div class=\"g-cols vc_row type_default valign_top\"><div class=\"vc_col-sm-12 wpb_column vc_column_container\"><div class=\"vc_column-inner\"><div class=\"wpb_wrapper\"><div class=\"wpb_text_column\" ><div class=\"wpb_wrapper\"><h2 class=\"margin\">Datenschutzerkl\u00e4rung<\/h2>\n<p>Wir m\u00f6chten, dass Sie unsere Website sicher nutzen k\u00f6nnen, daher halten wir uns strikt an die gesetzlichen Anforderungen und m\u00f6chten Sie dar\u00fcber gut informieren. In dieser Datenschutzerkl\u00e4rung wird daher erl\u00e4utert, wie Ihre pers\u00f6nlichen Daten so sicher wie m\u00f6glich erfasst werden, wie wir damit umgehen und an wen Sie sich wenden k\u00f6nnen, wenn Sie Fragen zu diesem Thema haben.<\/p>\n<h3>1. Stelle und Beauftragter f\u00fcr personenbezogene Daten<\/h3>\n<p>Stichting Kinderoord Schaarshoek, Schaarshoekweg 1, 8131 RE Wijhe, ist f\u00fcr die Verarbeitung der in dieser Datenschutzerkl\u00e4rung angegebenen personenbezogenen Daten verantwortlich und kann \u00fcber die unten angegebenen Kontaktdaten erreicht werden:<\/p>\n<p><strong>Kontaktdetails<br \/>\n<\/strong>Stichting Kinderoord Schaarshoek<br \/>\nSchaarshoekweg 1<br \/>\n8131 RE Wijhe<br \/>\nTel. 0572 393 049<br \/>\ninfo@heino.nl<br \/>\nKvK 38015291<\/p>\n<p>Datenschutzbeauftragter<br \/>\nStichting Kinderoord Schaarshoek hat keinen Datenschutzbeauftragten ernannt.<\/p>\n<h3>2. Verarbeitung personenbezogener Daten<\/h3>\n<p>Stichting Kinderoord Schaarshoek verarbeitet auf heino.nl folgende personenbezogene Daten:<br \/>\n&#8211; Vor-und Nachname;<br \/>\n&#8211; Adressdaten;<br \/>\n&#8211; (Handy Nummer;<br \/>\n&#8211; E-Mail-Addresse.<\/p>\n<p><strong>Online-Aktivit\u00e4ten Kinder<\/strong><br \/>\nUnsere Website und \/ oder unser Service beabsichtigen nicht, Daten \u00fcber Website-Besucher zu sammeln, die j\u00fcnger als 16 Jahre sind, es sei denn, sie haben die Erlaubnis ihrer Eltern oder Erziehungsberechtigten. Wir k\u00f6nnen jedoch nicht \u00fcberpr\u00fcfen, ob ein Besucher \u00e4lter als 16 Jahre ist. Wir empfehlen Eltern daher, sich an den Online-Aktivit\u00e4ten ihrer Kinder zu beteiligen, um zu verhindern, dass Daten \u00fcber Kinder ohne Zustimmung der Eltern gesammelt werden. Wenn Sie davon \u00fcberzeugt sind, dass wir ohne diese Erlaubnis personenbezogene Daten \u00fcber Minderj\u00e4hrige gesammelt haben, kontaktieren Sie uns bitte \u00fcber info@heino.nl und wir werden diese Daten l\u00f6schen.<\/p>\n<h3>3. Zweck der Verarbeitung personenbezogener Daten<\/h3>\n<p>Stichting Kinderoord Schaarshoek verarbeitet nur die notwendigen personenbezogenen Daten. Ohne diese Daten w\u00e4re es unm\u00f6glich, unseren Service zu erbringen. Stichting Kinderoord Schaarshoek verwendet keine Profilerstellung oder automatisierte Entscheidungsfindung f\u00fcr die gesammelten Daten.<\/p>\n<p>Alle personenbezogenen Daten werden nur mit Ihrer ausdr\u00fccklichen Zustimmung verarbeitet, um die getroffenen Vereinbarungen umzusetzen oder weil eine Verarbeitung erforderlich ist, um mit Ihnen in Kontakt zu treten. Wir verarbeiten diese Daten auf heino.nl in folgenden Funktionen:<\/p>\n<p><strong>Reservieren<\/strong><br \/>\nWenn Sie eine Reservierung auf unserer Website anfordern, ist es von allgemeinem Interesse, Ihre Daten zu sammeln. Auf diese Weise k\u00f6nnen wir die Reservierung bearbeiten und Sie weiter kontaktieren.<\/p>\n<p><strong>Kontakt Formular<\/strong><br \/>\nWenn Sie das Kontaktformular mit einer Frage oder einem Kommentar ausf\u00fcllen, ist es von allgemeinem Interesse, dass wir Ihre pers\u00f6nlichen Daten verarbeiten, damit wir die Antwort auf Ihre Frage \/ Kommentare zur\u00fcckgeben k\u00f6nnen.<\/p>\n<h3>4. Weitergabe personenbezogener Daten an Dritte<\/h3>\n<p>Stichting Kinderoord Schaarshoek wird Ihre Daten nicht an Dritte verkaufen und nur dann zur Verf\u00fcgung stellen, wenn dies zur Ausf\u00fchrung unserer Vereinbarung mit Ihnen oder zur Einhaltung einer gesetzlichen Verpflichtung erforderlich ist. Wir schlie\u00dfen eine Verarbeitungsvereinbarung mit Unternehmen ab, die Ihre Daten in unserem Namen verarbeiten, um das gleiche Ma\u00df an Sicherheit und Vertraulichkeit Ihrer Daten zu gew\u00e4hrleisten. Stichting Kinderoord Schaarshoek bleibt f\u00fcr diese Verarbeitungsvorg\u00e4nge verantwortlich.<\/p>\n<h3>5. Ihre Rechte<\/h3>\n<p>Sie haben das Recht, Ihre pers\u00f6nlichen Daten anzuzeigen, zu korrigieren, zu \u00fcbertragen oder l\u00f6schen zu lassen. Sie haben auch das Recht, Ihre Einwilligung zur Datenverarbeitung zu widerrufen, zu \u00fcbertragen oder der Verarbeitung Ihrer personenbezogenen Daten durch Stichting Kinderoord Schaarshoek zu widersprechen. Dies bedeutet, dass Sie eine Anfrage an uns senden k\u00f6nnen, um die pers\u00f6nlichen Daten, die wir \u00fcber Sie in einer Datei haben, an Sie oder eine andere von Ihnen erw\u00e4hnte Organisation zu senden.<\/p>\n<p><strong>Anfrage<\/strong><br \/>\nSie k\u00f6nnen einen Antrag auf Zugriff, Korrektur, L\u00f6schung, Daten\u00fcbertragung Ihrer pers\u00f6nlichen Daten oder einen Antrag auf L\u00f6schung Ihrer Einwilligung oder Widerspruch gegen die Verarbeitung Ihrer pers\u00f6nlichen Daten an info@heino.nl senden. Um sicherzustellen, dass Sie die Zugangsanfrage gestellt haben, bitten wir Sie, eine Kopie Ihrer ID mit der Anfrage zu senden. Machen Sie Ihr Passfoto, MRZ (maschinenlesbare Zone, Streifen mit den Nummern am unteren Rand des Passes), Passnummer und Citizen Service Number (BSN) in dieser Kopie schwarz. Dies dient zum Schutz Ihrer Privatsph\u00e4re. Wir werden Ihre Anfrage so schnell wie m\u00f6glich, in jedem Fall jedoch innerhalb von vier Wochen beantworten.<\/p>\n<p><strong>Eine Beschwerde einreichen<\/strong><br \/>\nStichting Kinderoord Schaarshoek m\u00f6chte auch darauf hinweisen, dass Sie die M\u00f6glichkeit haben, eine Beschwerde bei der nationalen Aufsichtsbeh\u00f6rde, der niederl\u00e4ndischen Datenschutzbeh\u00f6rde, einzureichen. Dies kann \u00fcber den folgenden Link erfolgen: https:\/\/autoriteitpersoonsgegevens.nl\/nl\/contact-met-de-autoriteit-persoonsgegevens\/tip-ons.<\/p>\n<h3>6. Sicherheitsma\u00dfnahmen<\/h3>\n<p>Stichting Kinderoord Schaarshoek nimmt den Schutz Ihrer Daten ernst und ergreift geeignete Ma\u00dfnahmen, um Missbrauch, Verlust, unbefugten Zugriff, unerw\u00fcnschte Offenlegung und unbefugte \u00c4nderungen zu verhindern. Wenn Sie der Meinung sind, dass Ihre Daten nicht ordnungsgem\u00e4\u00df gesch\u00fctzt sind oder Hinweise auf Missbrauch vorliegen, wenden Sie sich bitte an unseren Kundendienst unter info@heino.nl. Stichting Kinderoord Schaarshoek hat die folgenden Ma\u00dfnahmen ergriffen, um Ihre pers\u00f6nlichen Daten auf unserer Website so gut wie m\u00f6glich zu sch\u00fctzen.<\/p>\n<p><strong>Best\u00e4tigung in zwei Schritten<\/strong><br \/>\nDie von Stichting Kinderoord Schaarshoek oder den vorgenannten Dritten verwalteten personenbezogenen Daten werden mit einem Passwort und nach M\u00f6glichkeit in zwei Schritten \u00fcberpr\u00fcft. Bei dieser zweistufigen \u00dcberpr\u00fcfung wird ein Code generiert und von der Software gesendet. Dieser Code muss dann w\u00e4hrend des Anmeldevorgangs verwendet werden und ist somit optimal gesichert.<\/p>\n<p><strong>Software<\/strong><br \/>\nUnser Hosting-Server ist mit verschiedenen Arten von Sicherheitssoftware ausgestattet. Beispielsweise wurde eine Firewall installiert, um alle Ports zu verwalten, der Server wird t\u00e4glich von einem Virenscanner auf Infektionen \u00fcberpr\u00fcft und ein Brute-Force-Monitor ist aktiv, der falsche Anmeldeversuche verfolgt und IP-Adressen bei Bedarf blockiert.<\/p>\n<p><strong>Verkn\u00fcpfung<\/strong><br \/>\nDie Verbindung zwischen Ihrem Browser und unserem Server wird durch ein sogenanntes SSL-Zertifikat optimal gesichert. Alle Daten werden verschl\u00fcsselt gesendet. Eine sichere Verbindung wird an \u201ehttps\u201c und dem Vorh\u00e4ngeschloss in der Adressleiste erkannt.<\/p>\n<p><strong>Email<\/strong><br \/>\nBei heino.nl haben wir die Internetstandards DKIM, SPF und DMARC aktiviert. Dies sind Techniken, die verhindern, dass Sie in unserem Namen E-Mails erhalten, die Viren enthalten, Spam sind oder pers\u00f6nliche (Anmelde-) Daten erhalten sollen.<\/p>\n<p><strong>DNSSEC<\/strong><br \/>\nNeben dem DNS haben wir auch DNSSEC installiert. Dies ist eine zus\u00e4tzliche Sicherheit f\u00fcr die Konvertierung eines Domainnamens in die zugeh\u00f6rige IP-Adresse. Sie ist mit einer digitalen Signatur versehen. Auf diese Weise verhindern wir, dass Sie zu einer falschen IP-Adresse umgeleitet werden.<\/p>\n<h3>7. Cookies<\/h3>\n<p>Stichting Kinderoord Schaarshoek verwendet funktionale und analytische Cookies. Ein Cookie ist eine kleine Textdatei, die beim ersten Besuch dieser Website im Browser Ihres Computers, Tablets oder Smartphones gespeichert wird. Wir verwenden die folgenden Arten von Cookies auf unserer Website.<\/p>\n<p><strong>Funktionale Cookies<\/strong><br \/>\nStichting Kinderoord Schaarshoek verwendet Cookies mit rein technischer Funktionalit\u00e4t. Diese stellen sicher, dass die Website ordnungsgem\u00e4\u00df funktioniert und dass beispielsweise Ihre bevorzugten Einstellungen gespeichert werden. Diese Cookies werden auch verwendet, um die Website ordnungsgem\u00e4\u00df zu betreiben und zu optimieren.<\/p>\n<p><strong>Analytische Cookies<\/strong><br \/>\nZus\u00e4tzlich platzieren wir analytische Cookies, die das Surfverhalten mittels \u00fcberwachen Behalten Sie den \u00dcberblick \u00fcber Google Analytics und k\u00f6nnen Sie die Website weiter verbessern. Bei Ihrem ersten Besuch auf unserer Website haben wir Sie bereits \u00fcber diese Cookies informiert und Sie um Ihre Erlaubnis gebeten, sie zu platzieren. Machen Sie sich keine Sorgen, dass wir Ihnen genau folgen werden. Wir haben das letzte Segment Ihrer IP-Adresse entfernt. Infolgedessen ist Ihre IP-Adresse anonym geworden und kann nicht mehr auf Sie zur\u00fcckgef\u00fchrt werden.<\/p>\n<p>Sie k\u00f6nnen Cookies deaktivieren, indem Sie Ihren Internetbrowser so einstellen, dass keine Cookies mehr gespeichert werden. Dar\u00fcber hinaus k\u00f6nnen Sie auch alle zuvor \u00fcber Ihre Browsereinstellungen gespeicherten Informationen l\u00f6schen. Eine Erkl\u00e4rung finden Sie unter: https:\/\/veiliginternetten.nl\/themes\/situation\/cookies-wat-zijn-het-en-wat-doe-ik-ermee\/.<\/p>\n<p>Sie k\u00f6nnen die Erfassung und Verarbeitung dieser Daten durch Google auch verhindern, indem Sie das folgende Browser-Plug-In herunterladen und installieren: http:\/\/tools.google.com\/dlpage\/gaoptout?hl=de.<\/p>\n<h3>8. Protokolldateien<\/h3>\n<p>Bei jedem Zugriff auf unsere Website werden Nutzungsdaten vom jeweiligen Internetbrowser \u00fcbertragen und in Protokolldateien, den sogenannten Server-Log-Dateien, gespeichert. Die dabei gespeicherten Datens\u00e4tze enthalten folgende Daten: Datum und Uhrzeit des Anrufs, Name der aufgerufenen Website, IP-Adresse, gesendete Datenmenge, Produkt- und Versionsinformationen des verwendeten Browsers. Wir verwenden diese Protokolldateidatens\u00e4tze zur Abwehr von Angriffen, beispielsweise im Rahmen von sogenannten Distributed Denial-of-Service-Angriffen (DDoS), die darauf abzielen, den Zugriff auf unsere Website aufgrund einer \u00dcberlastung mit Anfragen zu blockieren.<\/p>\n<h3>9. \u00c4nderungen<\/h3>\n<p>Diese Datenschutzerkl\u00e4rung kann beispielsweise durch Gesetzes\u00e4nderungen ge\u00e4ndert werden. Es ist daher ratsam, die Erkl\u00e4rung regelm\u00e4\u00dfig zu konsultieren.<\/p>\n<\/div><\/div><\/div><\/div><\/div><\/div><\/div><\/section><section class=\"l-section wpb_row height_custom\"><div class=\"l-section-h i-cf\"><div class=\"g-cols vc_row type_default valign_top\"><div class=\"vc_col-sm-12 wpb_column vc_column_container\"><div class=\"vc_column-inner\"><div class=\"wpb_wrapper\"><div class=\"wpb_text_column\" ><div class=\"wpb_wrapper\"><p><!-- \/wp:heading --><\/p>\n<\/div><\/div><\/div><\/div><\/div><\/div><\/div><\/section>\n","protected":false},"excerpt":{"rendered":"Datenschutzerkl\u00e4rung Wir m\u00f6chten, dass Sie unsere Website sicher nutzen k\u00f6nnen, daher halten wir uns strikt an die gesetzlichen Anforderungen und m\u00f6chten Sie dar\u00fcber gut informieren. In dieser Datenschutzerkl\u00e4rung wird daher erl\u00e4utert, wie Ihre pers\u00f6nlichen Daten so sicher wie m\u00f6glich erfasst werden, wie wir damit umgehen und an wen Sie sich wenden k\u00f6nnen, wenn Sie Fragen...","protected":false},"author":3,"featured_media":11784,"parent":0,"menu_order":5,"comment_status":"closed","ping_status":"closed","template":"","meta":[],"yoast_head":"<!-- This site is optimized with the Yoast SEO plugin v15.8 - https:\/\/yoast.com\/wordpress\/plugins\/seo\/ -->\n<title>Datenschutzerkl\u00e4rung - Summercamp Heino<\/title>\n<meta name=\"robots\" content=\"index, follow, max-snippet:-1, max-image-preview:large, max-video-preview:-1\" \/>\n<link rel=\"canonical\" href=\"https:\/\/heino.nl\/de\/datenschutzerklaerung\/\" \/>\n<meta property=\"og:locale\" content=\"de_DE\" \/>\n<meta property=\"og:type\" content=\"article\" \/>\n<meta property=\"og:title\" content=\"Datenschutzerkl\u00e4rung - Summercamp Heino\" \/>\n<meta property=\"og:url\" content=\"https:\/\/heino.nl\/de\/datenschutzerklaerung\/\" \/>\n<meta property=\"og:site_name\" content=\"Summercamp Heino\" \/>\n<meta property=\"article:modified_time\" content=\"2023-03-06T15:42:55+00:00\" \/>\n<meta property=\"og:image\" content=\"https:\/\/heino.nl\/wp-content\/uploads\/2020\/09\/summercamp-heino-header-test-2-scaled.jpg\" \/>\n\t<meta property=\"og:image:width\" content=\"2560\" \/>\n\t<meta property=\"og:image:height\" content=\"1333\" \/>\n<meta name=\"twitter:card\" content=\"summary_large_image\" \/>\n<meta name=\"twitter:label1\" content=\"Gesch\u00e4tzte Lesezeit\">\n\t<meta name=\"twitter:data1\" content=\"7 Minuten\">\n<script type=\"application\/ld+json\" class=\"yoast-schema-graph\">{\"@context\":\"https:\/\/schema.org\",\"@graph\":[{\"@type\":\"WebSite\",\"@id\":\"https:\/\/heino.nl\/#website\",\"url\":\"https:\/\/heino.nl\/\",\"name\":\"Recreatiebanen\",\"description\":\"\",\"potentialAction\":[{\"@type\":\"SearchAction\",\"target\":\"https:\/\/heino.nl\/?s={search_term_string}\",\"query-input\":\"required name=search_term_string\"}],\"inLanguage\":\"de-DE\"},{\"@type\":\"ImageObject\",\"@id\":\"https:\/\/heino.nl\/de\/datenschutzerklaerung\/#primaryimage\",\"inLanguage\":\"de-DE\",\"url\":\"https:\/\/heino.nl\/wp-content\/uploads\/2020\/09\/summercamp-heino-header-test-2-scaled.jpg\",\"width\":2560,\"height\":1333},{\"@type\":\"WebPage\",\"@id\":\"https:\/\/heino.nl\/de\/datenschutzerklaerung\/#webpage\",\"url\":\"https:\/\/heino.nl\/de\/datenschutzerklaerung\/\",\"name\":\"Datenschutzerkl\\u00e4rung - Summercamp Heino\",\"isPartOf\":{\"@id\":\"https:\/\/heino.nl\/#website\"},\"primaryImageOfPage\":{\"@id\":\"https:\/\/heino.nl\/de\/datenschutzerklaerung\/#primaryimage\"},\"datePublished\":\"2021-02-17T09:20:27+00:00\",\"dateModified\":\"2023-03-06T15:42:55+00:00\",\"breadcrumb\":{\"@id\":\"https:\/\/heino.nl\/de\/datenschutzerklaerung\/#breadcrumb\"},\"inLanguage\":\"de-DE\",\"potentialAction\":[{\"@type\":\"ReadAction\",\"target\":[\"https:\/\/heino.nl\/de\/datenschutzerklaerung\/\"]}]},{\"@type\":\"BreadcrumbList\",\"@id\":\"https:\/\/heino.nl\/de\/datenschutzerklaerung\/#breadcrumb\",\"itemListElement\":[{\"@type\":\"ListItem\",\"position\":1,\"item\":{\"@type\":\"WebPage\",\"@id\":\"https:\/\/heino.nl\/de\/\",\"url\":\"https:\/\/heino.nl\/de\/\",\"name\":\"Home\"}},{\"@type\":\"ListItem\",\"position\":2,\"item\":{\"@type\":\"WebPage\",\"@id\":\"https:\/\/heino.nl\/de\/datenschutzerklaerung\/\",\"url\":\"https:\/\/heino.nl\/de\/datenschutzerklaerung\/\",\"name\":\"Datenschutzerkl\\u00e4rung\"}}]}]}<\/script>\n<!-- \/ Yoast SEO plugin. -->","_links":{"self":[{"href":"https:\/\/heino.nl\/de\/wp-json\/wp\/v2\/pages\/13471"}],"collection":[{"href":"https:\/\/heino.nl\/de\/wp-json\/wp\/v2\/pages"}],"about":[{"href":"https:\/\/heino.nl\/de\/wp-json\/wp\/v2\/types\/page"}],"author":[{"embeddable":true,"href":"https:\/\/heino.nl\/de\/wp-json\/wp\/v2\/users\/3"}],"replies":[{"embeddable":true,"href":"https:\/\/heino.nl\/de\/wp-json\/wp\/v2\/comments?post=13471"}],"version-history":[{"count":0,"href":"https:\/\/heino.nl\/de\/wp-json\/wp\/v2\/pages\/13471\/revisions"}],"wp:featuredmedia":[{"embeddable":true,"href":"https:\/\/heino.nl\/de\/wp-json\/wp\/v2\/media\/11784"}],"wp:attachment":[{"href":"https:\/\/heino.nl\/de\/wp-json\/wp\/v2\/media?parent=13471"}],"curies":[{"name":"wp","href":"https:\/\/api.w.org\/{rel}","templated":true}]}}