{"id":13256,"date":"2021-02-08T11:02:18","date_gmt":"2021-02-08T11:02:18","guid":{"rendered":"https:\/\/heino.nl\/guest-compass\/"},"modified":"2021-02-16T14:34:19","modified_gmt":"2021-02-16T14:34:19","slug":"guest-compass","status":"publish","type":"page","link":"https:\/\/heino.nl\/de\/guest-compass\/","title":{"rendered":"Guest Compass"},"content":{"rendered":"<section class=\"l-section wpb_row height_medium\"><div class=\"l-section-h i-cf\"><div class=\"g-cols vc_row type_default valign_top\"><div class=\"vc_col-sm-12 wpb_column vc_column_container\"><div class=\"vc_column-inner\"><div class=\"wpb_wrapper\"><div class=\"g-cols wpb_row  type_default valign_top vc_inner\"><div class=\"vc_col-sm-8 wpb_column vc_column_container\"><div class=\"vc_column-inner\"><div class=\"wpb_wrapper\"><div class=\"w-separator size_medium with_line width_default thick_1 style_solid color_border align_center with_text with_content\"><div class=\"w-separator-h\"><h2 class=\"w-separator-text\"><i class=\"fas fa-sun\"><\/i><span>Alle Informationen in 1 praktischen Web-App!<\/span><\/h2><\/div><\/div><div class=\"wpb_text_column\" ><div class=\"wpb_wrapper\"><h4 style=\"text-align: center\">Kommst du bald mit uns ins Camp?<\/h4>\n<\/div><\/div><div class=\"w-separator size_medium\"><\/div><div class=\"wpb_text_column us_custom_4c71fb52\" ><div class=\"wpb_wrapper\"><p style=\"text-align: center\">Schauen Sie sich unsere App an: den Gastkompass. Hier finden Sie aktuelle und n\u00fctzliche Informationen f\u00fcr Ihr Camp. (Sie m\u00fcssen nichts auf Ihrem Telefon installieren).<\/p>\n<\/div><\/div><div class=\"w-separator size_medium\"><\/div><div class=\"w-btn-wrapper width_full\"><a class=\"w-btn us-btn-style_1 icon_atright\" target=\"_blank\" href=\"https:\/\/info.heino.nl\/de\/\" rel=\"noopener\"><span class=\"w-btn-label\">Klicken Sie hier, um die Web-App zu starten!<\/span><i class=\"fas fa-arrow-right\"><\/i><\/a><\/div><\/div><\/div><\/div><div class=\"vc_col-sm-4 wpb_column vc_column_container\"><div class=\"vc_column-inner\"><div class=\"wpb_wrapper\"><div class=\"w-image style_phone6-1 align_none\"><a target=\"_blank\" href=\"https:\/\/info.heino.nl\/de\/\" rel=\"noopener\" aria-label=\"Link\" class=\"w-image-h\"><img width=\"563\" height=\"1024\" src=\"https:\/\/heino.nl\/wp-content\/uploads\/2020\/12\/guestcompas-2-563x1024.jpg\" class=\"attachment-large size-large\" alt=\"Guestcompass interface\" loading=\"lazy\" srcset=\"https:\/\/heino.nl\/wp-content\/uploads\/2020\/12\/guestcompas-2-563x1024.jpg 563w, https:\/\/heino.nl\/wp-content\/uploads\/2020\/12\/guestcompas-2-165x300.jpg 165w, https:\/\/heino.nl\/wp-content\/uploads\/2020\/12\/guestcompas-2-845x1536.jpg 845w, https:\/\/heino.nl\/wp-content\/uploads\/2020\/12\/guestcompas-2.jpg 1125w\" sizes=\"(max-width: 563px) 100vw, 563px\" \/><\/a><\/div><\/div><\/div><\/div><\/div><\/div><\/div><\/div><\/div><\/div><\/section>\n","protected":false},"excerpt":{"rendered":"Alle Informationen in 1 praktischen Web-App! Kommst du bald mit uns ins Camp? Schauen Sie sich unsere App an: den Gastkompass. Hier finden Sie aktuelle und n\u00fctzliche Informationen f\u00fcr Ihr Camp. (Sie m\u00fcssen nichts auf Ihrem Telefon installieren). Klicken Sie hier, um die Web-App zu starten!","protected":false},"author":11,"featured_media":11833,"parent":0,"menu_order":0,"comment_status":"closed","ping_status":"closed","template":"","meta":[],"yoast_head":"<!-- This site is optimized with the Yoast SEO plugin v15.8 - https:\/\/yoast.com\/wordpress\/plugins\/seo\/ -->\n<title>Guest Compass - Summercamp Heino<\/title>\n<meta name=\"robots\" content=\"index, follow, max-snippet:-1, max-image-preview:large, max-video-preview:-1\" \/>\n<link rel=\"canonical\" href=\"https:\/\/heino.nl\/de\/guest-compass\/\" \/>\n<meta property=\"og:locale\" content=\"de_DE\" \/>\n<meta property=\"og:type\" content=\"article\" \/>\n<meta property=\"og:title\" content=\"Guest Compass - Summercamp Heino\" \/>\n<meta property=\"og:url\" content=\"https:\/\/heino.nl\/de\/guest-compass\/\" \/>\n<meta property=\"og:site_name\" content=\"Summercamp Heino\" \/>\n<meta property=\"article:modified_time\" content=\"2021-02-16T14:34:19+00:00\" \/>\n<meta property=\"og:image\" content=\"https:\/\/heino.nl\/wp-content\/uploads\/2021\/01\/images5359371_hinh_anh_bau_troi_dep_21.jpg\" \/>\n\t<meta property=\"og:image:width\" content=\"1920\" \/>\n\t<meta property=\"og:image:height\" content=\"1200\" \/>\n<meta name=\"twitter:card\" content=\"summary_large_image\" \/>\n<meta name=\"twitter:label1\" content=\"Gesch\u00e4tzte Lesezeit\">\n\t<meta name=\"twitter:data1\" content=\"1 Minute\">\n<script type=\"application\/ld+json\" class=\"yoast-schema-graph\">{\"@context\":\"https:\/\/schema.org\",\"@graph\":[{\"@type\":\"WebSite\",\"@id\":\"https:\/\/heino.nl\/#website\",\"url\":\"https:\/\/heino.nl\/\",\"name\":\"Recreatiebanen\",\"description\":\"\",\"potentialAction\":[{\"@type\":\"SearchAction\",\"target\":\"https:\/\/heino.nl\/?s={search_term_string}\",\"query-input\":\"required name=search_term_string\"}],\"inLanguage\":\"de-DE\"},{\"@type\":\"ImageObject\",\"@id\":\"https:\/\/heino.nl\/de\/guest-compass\/#primaryimage\",\"inLanguage\":\"de-DE\",\"url\":\"https:\/\/heino.nl\/wp-content\/uploads\/2021\/01\/images5359371_hinh_anh_bau_troi_dep_21.jpg\",\"width\":1920,\"height\":1200},{\"@type\":\"WebPage\",\"@id\":\"https:\/\/heino.nl\/de\/guest-compass\/#webpage\",\"url\":\"https:\/\/heino.nl\/de\/guest-compass\/\",\"name\":\"Guest Compass - Summercamp Heino\",\"isPartOf\":{\"@id\":\"https:\/\/heino.nl\/#website\"},\"primaryImageOfPage\":{\"@id\":\"https:\/\/heino.nl\/de\/guest-compass\/#primaryimage\"},\"datePublished\":\"2021-02-08T11:02:18+00:00\",\"dateModified\":\"2021-02-16T14:34:19+00:00\",\"breadcrumb\":{\"@id\":\"https:\/\/heino.nl\/de\/guest-compass\/#breadcrumb\"},\"inLanguage\":\"de-DE\",\"potentialAction\":[{\"@type\":\"ReadAction\",\"target\":[\"https:\/\/heino.nl\/de\/guest-compass\/\"]}]},{\"@type\":\"BreadcrumbList\",\"@id\":\"https:\/\/heino.nl\/de\/guest-compass\/#breadcrumb\",\"itemListElement\":[{\"@type\":\"ListItem\",\"position\":1,\"item\":{\"@type\":\"WebPage\",\"@id\":\"https:\/\/heino.nl\/de\/\",\"url\":\"https:\/\/heino.nl\/de\/\",\"name\":\"Home\"}},{\"@type\":\"ListItem\",\"position\":2,\"item\":{\"@type\":\"WebPage\",\"@id\":\"https:\/\/heino.nl\/de\/guest-compass\/\",\"url\":\"https:\/\/heino.nl\/de\/guest-compass\/\",\"name\":\"Guest Compass\"}}]}]}<\/script>\n<!-- \/ Yoast SEO plugin. -->","_links":{"self":[{"href":"https:\/\/heino.nl\/de\/wp-json\/wp\/v2\/pages\/13256"}],"collection":[{"href":"https:\/\/heino.nl\/de\/wp-json\/wp\/v2\/pages"}],"about":[{"href":"https:\/\/heino.nl\/de\/wp-json\/wp\/v2\/types\/page"}],"author":[{"embeddable":true,"href":"https:\/\/heino.nl\/de\/wp-json\/wp\/v2\/users\/11"}],"replies":[{"embeddable":true,"href":"https:\/\/heino.nl\/de\/wp-json\/wp\/v2\/comments?post=13256"}],"version-history":[{"count":0,"href":"https:\/\/heino.nl\/de\/wp-json\/wp\/v2\/pages\/13256\/revisions"}],"wp:featuredmedia":[{"embeddable":true,"href":"https:\/\/heino.nl\/de\/wp-json\/wp\/v2\/media\/11833"}],"wp:attachment":[{"href":"https:\/\/heino.nl\/de\/wp-json\/wp\/v2\/media?parent=13256"}],"curies":[{"name":"wp","href":"https:\/\/api.w.org\/{rel}","templated":true}]}}