{"id":13071,"date":"2021-01-26T10:06:41","date_gmt":"2021-01-26T10:06:41","guid":{"rendered":"https:\/\/heino.nl\/?page_id=13071"},"modified":"2023-05-04T07:46:51","modified_gmt":"2023-05-04T07:46:51","slug":"haeufig-gestellte-fragen","status":"publish","type":"page","link":"https:\/\/heino.nl\/de\/haeufig-gestellte-fragen\/","title":{"rendered":"H\u00e4ufig gestellte Fragen"},"content":{"rendered":"<section class=\"l-section wpb_row height_custom\" id=\"vgv\"><div class=\"l-section-h i-cf\"><div class=\"g-cols vc_row type_default valign_top\"><div class=\"vc_col-sm-12 wpb_column vc_column_container\"><div class=\"vc_column-inner\"><div class=\"wpb_wrapper\"><div class=\"w-separator size_medium with_line width_default thick_1 style_solid color_border align_center with_text with_content\"><div class=\"w-separator-h\"><h2 class=\"w-separator-text\"><i class=\"fas fa-question-circle\"><\/i><span>H\u00e4ufig gestellte Fragen<\/span><\/h2><\/div><\/div><\/div><\/div><\/div><div class=\"vc_col-sm-9 wpb_column vc_column_container\"><div class=\"vc_column-inner\"><div class=\"wpb_wrapper\"><div class=\"w-tabs style_default switch_click accordion has_scrolling type_togglable title_atleft icon_chevron iconpos_right\"><div class=\"w-tabs-sections\"><div class=\"w-tabs-sections-h\"><div class=\"w-tabs-section\" id=\"faq1\"><button aria-controls=\"content-faq1\" class=\"w-tabs-section-header\" style=\"font-size:20px\"><div class=\"w-tabs-section-header-h\"><h4 class=\"w-tabs-section-title\">Gibt es eine Kaffeemaschine im Haus?<\/h4><div class=\"w-tabs-section-control\"><\/div><\/div><\/button><div class=\"w-tabs-section-content\" id=\"content-faq1\" aria-expanded=\"false\"><div class=\"w-tabs-section-content-h i-cf\"><div class=\"wpb_text_column\" ><div class=\"wpb_wrapper\"><p>Ja, in jedem Haus gibt es eine Kaffeemaschine.<\/p>\n<\/div><\/div><\/div><\/div><\/div><div class=\"w-tabs-section\" id=\"faq2\"><button aria-controls=\"content-faq2\" class=\"w-tabs-section-header\" style=\"font-size:20px\"><div class=\"w-tabs-section-header-h\"><h4 class=\"w-tabs-section-title\">Gibt es einen K\u00fchlschrank im Haus?<\/h4><div class=\"w-tabs-section-control\"><\/div><\/div><\/button><div class=\"w-tabs-section-content\" id=\"content-faq2\" aria-expanded=\"false\"><div class=\"w-tabs-section-content-h i-cf\"><div class=\"wpb_text_column\" ><div class=\"wpb_wrapper\"><p>Ja, in jedem Haus gibt es einen K\u00fchlschrank.<\/p>\n<\/div><\/div><\/div><\/div><\/div><div class=\"w-tabs-section\" id=\"1601301583788-083fff4b-b241\"><button aria-controls=\"content-1601301583788-083fff4b-b241\" class=\"w-tabs-section-header\" style=\"font-size:20px\"><div class=\"w-tabs-section-header-h\"><h4 class=\"w-tabs-section-title\">Wie lange l\u00e4uft das GPS?<\/h4><div class=\"w-tabs-section-control\"><\/div><\/div><\/button><div class=\"w-tabs-section-content\" id=\"content-1601301583788-083fff4b-b241\" aria-expanded=\"false\"><div class=\"w-tabs-section-content-h i-cf\"><div class=\"wpb_text_column\" ><div class=\"wpb_wrapper\"><p>Das Ablegen des GPS dauert ungef\u00e4hr 1,5 Stunden. Die Tour ist 3 bis 5 Kilometer lang.<\/p>\n<\/div><\/div><\/div><\/div><\/div><div class=\"w-tabs-section\" id=\"1601301596094-77f3bf78-5d9f\"><button aria-controls=\"content-1601301596094-77f3bf78-5d9f\" class=\"w-tabs-section-header\" style=\"font-size:20px\"><div class=\"w-tabs-section-header-h\"><h4 class=\"w-tabs-section-title\">M\u00fcssen wir unser eigenes Toilettenpapier mitbringen?<\/h4><div class=\"w-tabs-section-control\"><\/div><\/div><\/button><div class=\"w-tabs-section-content\" id=\"content-1601301596094-77f3bf78-5d9f\" aria-expanded=\"false\"><div class=\"w-tabs-section-content-h i-cf\"><div class=\"wpb_text_column\" ><div class=\"wpb_wrapper\"><p>Nein, das ist nicht n\u00f6tig. Wir f\u00fcllen das Toilettenpapier jeden Tag selbst auf.<\/p>\n<\/div><\/div><\/div><\/div><\/div><div class=\"w-tabs-section\" id=\"1601301607195-540d6b6f-5e8d\"><button aria-controls=\"content-1601301607195-540d6b6f-5e8d\" class=\"w-tabs-section-header\" style=\"font-size:20px\"><div class=\"w-tabs-section-header-h\"><h4 class=\"w-tabs-section-title\">K\u00f6nnen wir auch ohne Essen buchen?<\/h4><div class=\"w-tabs-section-control\"><\/div><\/div><\/button><div class=\"w-tabs-section-content\" id=\"content-1601301607195-540d6b6f-5e8d\" aria-expanded=\"false\"><div class=\"w-tabs-section-content-h i-cf\"><div class=\"wpb_text_column\" ><div class=\"wpb_wrapper\"><p>Nein, das ist leider nicht m\u00f6glich.<\/p>\n<\/div><\/div><\/div><\/div><\/div><div class=\"w-tabs-section\" id=\"1601301622553-35e45f8a-1917\"><button aria-controls=\"content-1601301622553-35e45f8a-1917\" class=\"w-tabs-section-header\" style=\"font-size:20px\"><div class=\"w-tabs-section-header-h\"><h4 class=\"w-tabs-section-title\">M\u00fcssen die Kinder ihren eigenen Schlafsack mitbringen?<\/h4><div class=\"w-tabs-section-control\"><\/div><\/div><\/button><div class=\"w-tabs-section-content\" id=\"content-1601301622553-35e45f8a-1917\" aria-expanded=\"false\"><div class=\"w-tabs-section-content-h i-cf\"><div class=\"wpb_text_column\" ><div class=\"wpb_wrapper\"><p>Ja, sie m\u00fcssen ihren eigenen Schlafsack, Kissenbezug und Spannbetttuch mitbringen.<\/p>\n<\/div><\/div><\/div><\/div><\/div><div class=\"w-tabs-section\" id=\"1601301632483-b032dd9b-1a01\"><button aria-controls=\"content-1601301632483-b032dd9b-1a01\" class=\"w-tabs-section-header\" style=\"font-size:20px\"><div class=\"w-tabs-section-header-h\"><h4 class=\"w-tabs-section-title\">Wie viele Betreuer sollten wir mitbringen?<\/h4><div class=\"w-tabs-section-control\"><\/div><\/div><\/button><div class=\"w-tabs-section-content\" id=\"content-1601301632483-b032dd9b-1a01\" aria-expanded=\"false\"><div class=\"w-tabs-section-content-h i-cf\"><div class=\"wpb_text_column\" ><div class=\"wpb_wrapper\"><p>Wir empfehlen, dass Sie vorzugsweise 1 Betreuer pro 10 Kinder mitbringen. Diese Zahl kann in der praktischen Ausbildung etwas h\u00f6her sein.<\/p>\n<\/div><\/div><\/div><\/div><\/div><div class=\"w-tabs-section\" id=\"1683186085628-271689a6-30d2\"><button aria-controls=\"content-1683186085628-271689a6-30d2\" class=\"w-tabs-section-header\" style=\"font-size:20px\"><div class=\"w-tabs-section-header-h\"><h4 class=\"w-tabs-section-title\">Gibt es vegetarische, halal und\/oder andere di\u00e4tetische Optionen f\u00fcr das Essen?<\/h4><div class=\"w-tabs-section-control\"><\/div><\/div><\/button><div class=\"w-tabs-section-content\" id=\"content-1683186085628-271689a6-30d2\" aria-expanded=\"false\"><div class=\"w-tabs-section-content-h i-cf\"><div class=\"wpb_text_column\" ><div class=\"wpb_wrapper\"><p>Die Di\u00e4toptionen sind verhandelbar. Bitte senden Sie eine E-Mail an: <a href=\"mailto:keuken@heino.nl\">keuken@heino.nl<\/a> und geben Sie Ihre spezifischen W\u00fcnsche an oder tragen Sie sie in den Detailbereich des Informationsanfrageformulars ein. Wir werden dann unser Bestes tun, um Ihre di\u00e4tetischen Anforderungen zu erf\u00fcllen.<\/p>\n<\/div><\/div><\/div><\/div><\/div><div class=\"w-tabs-section\" id=\"1683186091755-05034637-d562\"><button aria-controls=\"content-1683186091755-05034637-d562\" class=\"w-tabs-section-header\" style=\"font-size:20px\"><div class=\"w-tabs-section-header-h\"><h4 class=\"w-tabs-section-title\">Gibt es vor Ort WLAN?<\/h4><div class=\"w-tabs-section-control\"><\/div><\/div><\/button><div class=\"w-tabs-section-content\" id=\"content-1683186091755-05034637-d562\" aria-expanded=\"false\"><div class=\"w-tabs-section-content-h i-cf\"><div class=\"wpb_text_column\" ><div class=\"wpb_wrapper\"><p>Ja, wir haben WLAN auf unserem Grundst\u00fcck. Die Zugangsdaten finden Sie u.a. an der T\u00fcr der Rezeption.<\/p>\n<\/div><\/div><\/div><\/div><\/div><\/div><\/div><\/div><\/div><\/div><\/div><div class=\"vc_col-sm-3 wpb_column vc_column_container\"><div class=\"vc_column-inner type_sticky\"><div class=\"wpb_wrapper\"><div class=\"w-vwrapper us_custom_4fb5faae align_center valign_top\"><div class=\"wpb_text_column us_custom_6df4bc3a has_text_color\" ><div class=\"wpb_wrapper\"><h4 style=\"text-align: center;\">Haben Sie weitere Fragen?<\/h4>\n<\/div><\/div><div class=\"wpb_text_column us_custom_6df4bc3a has_text_color\" ><div class=\"wpb_wrapper\"><p style=\"text-align: center;\">Bitte kontaktieren Sie uns per Telefon oder E-Mail.<br \/>\nWir helfen Ihnen gerne weiter!<\/p>\n<\/div><\/div><\/div><\/div><\/div><\/div><\/div><\/div><\/section>\n","protected":false},"excerpt":{"rendered":"H\u00e4ufig gestellte FragenGibt es eine Kaffeemaschine im Haus?Ja, in jedem Haus gibt es eine Kaffeemaschine. Gibt es einen K\u00fchlschrank im Haus?Ja, in jedem Haus gibt es einen K\u00fchlschrank. Wie lange l\u00e4uft das GPS?Das Ablegen des GPS dauert ungef\u00e4hr 1,5 Stunden. Die Tour ist 3 bis 5 Kilometer lang. M\u00fcssen wir unser eigenes Toilettenpapier mitbringen?Nein, das...","protected":false},"author":11,"featured_media":11780,"parent":0,"menu_order":0,"comment_status":"closed","ping_status":"closed","template":"","meta":[],"yoast_head":"<!-- This site is optimized with the Yoast SEO plugin v15.8 - https:\/\/yoast.com\/wordpress\/plugins\/seo\/ -->\n<title>H\u00e4ufig gestellte Fragen - Summercamp Heino<\/title>\n<meta name=\"robots\" content=\"index, follow, max-snippet:-1, max-image-preview:large, max-video-preview:-1\" \/>\n<link rel=\"canonical\" href=\"https:\/\/heino.nl\/de\/haeufig-gestellte-fragen\/\" \/>\n<meta property=\"og:locale\" content=\"de_DE\" \/>\n<meta property=\"og:type\" content=\"article\" \/>\n<meta property=\"og:title\" content=\"H\u00e4ufig gestellte Fragen - Summercamp Heino\" \/>\n<meta property=\"og:url\" content=\"https:\/\/heino.nl\/de\/haeufig-gestellte-fragen\/\" \/>\n<meta property=\"og:site_name\" content=\"Summercamp Heino\" \/>\n<meta property=\"article:modified_time\" content=\"2023-05-04T07:46:51+00:00\" \/>\n<meta property=\"og:image\" content=\"https:\/\/heino.nl\/wp-content\/uploads\/2020\/09\/summercamp-heino-header-test-scaled.jpg\" \/>\n\t<meta property=\"og:image:width\" content=\"2560\" \/>\n\t<meta property=\"og:image:height\" content=\"1333\" \/>\n<meta name=\"twitter:card\" content=\"summary_large_image\" \/>\n<meta name=\"twitter:label1\" content=\"Gesch\u00e4tzte Lesezeit\">\n\t<meta name=\"twitter:data1\" content=\"1 Minute\">\n<script type=\"application\/ld+json\" class=\"yoast-schema-graph\">{\"@context\":\"https:\/\/schema.org\",\"@graph\":[{\"@type\":\"WebSite\",\"@id\":\"https:\/\/heino.nl\/#website\",\"url\":\"https:\/\/heino.nl\/\",\"name\":\"Recreatiebanen\",\"description\":\"\",\"potentialAction\":[{\"@type\":\"SearchAction\",\"target\":\"https:\/\/heino.nl\/?s={search_term_string}\",\"query-input\":\"required name=search_term_string\"}],\"inLanguage\":\"de-DE\"},{\"@type\":\"ImageObject\",\"@id\":\"https:\/\/heino.nl\/de\/haeufig-gestellte-fragen\/#primaryimage\",\"inLanguage\":\"de-DE\",\"url\":\"https:\/\/heino.nl\/wp-content\/uploads\/2020\/09\/summercamp-heino-header-test-scaled.jpg\",\"width\":2560,\"height\":1333},{\"@type\":\"WebPage\",\"@id\":\"https:\/\/heino.nl\/de\/haeufig-gestellte-fragen\/#webpage\",\"url\":\"https:\/\/heino.nl\/de\/haeufig-gestellte-fragen\/\",\"name\":\"H\\u00e4ufig gestellte Fragen - Summercamp Heino\",\"isPartOf\":{\"@id\":\"https:\/\/heino.nl\/#website\"},\"primaryImageOfPage\":{\"@id\":\"https:\/\/heino.nl\/de\/haeufig-gestellte-fragen\/#primaryimage\"},\"datePublished\":\"2021-01-26T10:06:41+00:00\",\"dateModified\":\"2023-05-04T07:46:51+00:00\",\"breadcrumb\":{\"@id\":\"https:\/\/heino.nl\/de\/haeufig-gestellte-fragen\/#breadcrumb\"},\"inLanguage\":\"de-DE\",\"potentialAction\":[{\"@type\":\"ReadAction\",\"target\":[\"https:\/\/heino.nl\/de\/haeufig-gestellte-fragen\/\"]}]},{\"@type\":\"BreadcrumbList\",\"@id\":\"https:\/\/heino.nl\/de\/haeufig-gestellte-fragen\/#breadcrumb\",\"itemListElement\":[{\"@type\":\"ListItem\",\"position\":1,\"item\":{\"@type\":\"WebPage\",\"@id\":\"https:\/\/heino.nl\/de\/\",\"url\":\"https:\/\/heino.nl\/de\/\",\"name\":\"Home\"}},{\"@type\":\"ListItem\",\"position\":2,\"item\":{\"@type\":\"WebPage\",\"@id\":\"https:\/\/heino.nl\/de\/haeufig-gestellte-fragen\/\",\"url\":\"https:\/\/heino.nl\/de\/haeufig-gestellte-fragen\/\",\"name\":\"H\\u00e4ufig gestellte Fragen\"}}]}]}<\/script>\n<!-- \/ Yoast SEO plugin. -->","_links":{"self":[{"href":"https:\/\/heino.nl\/de\/wp-json\/wp\/v2\/pages\/13071"}],"collection":[{"href":"https:\/\/heino.nl\/de\/wp-json\/wp\/v2\/pages"}],"about":[{"href":"https:\/\/heino.nl\/de\/wp-json\/wp\/v2\/types\/page"}],"author":[{"embeddable":true,"href":"https:\/\/heino.nl\/de\/wp-json\/wp\/v2\/users\/11"}],"replies":[{"embeddable":true,"href":"https:\/\/heino.nl\/de\/wp-json\/wp\/v2\/comments?post=13071"}],"version-history":[{"count":1,"href":"https:\/\/heino.nl\/de\/wp-json\/wp\/v2\/pages\/13071\/revisions"}],"predecessor-version":[{"id":14075,"href":"https:\/\/heino.nl\/de\/wp-json\/wp\/v2\/pages\/13071\/revisions\/14075"}],"wp:featuredmedia":[{"embeddable":true,"href":"https:\/\/heino.nl\/de\/wp-json\/wp\/v2\/media\/11780"}],"wp:attachment":[{"href":"https:\/\/heino.nl\/de\/wp-json\/wp\/v2\/media?parent=13071"}],"curies":[{"name":"wp","href":"https:\/\/api.w.org\/{rel}","templated":true}]}}