{"id":12585,"date":"2021-01-19T10:38:18","date_gmt":"2021-01-19T10:38:18","guid":{"rendered":"https:\/\/heino.nl\/sport-und-wochenendcamp-schnell-arrangiert\/"},"modified":"2023-03-08T10:33:30","modified_gmt":"2023-03-08T10:33:30","slug":"sport-und-wochenendcamp-schnell-arrangiert","status":"publish","type":"page","link":"https:\/\/heino.nl\/de\/sport-und-wochenendcamp-schnell-arrangiert\/","title":{"rendered":"Sport- und Wochenendcamp"},"content":{"rendered":"<section class=\"l-section wpb_row us_custom_eb849559 height_small\"><div class=\"l-section-h i-cf\"><div class=\"g-cols vc_row type_default valign_top\"><div class=\"vc_col-sm-12 wpb_column vc_column_container\"><div class=\"vc_column-inner\"><div class=\"wpb_wrapper\"><div class=\"w-separator size_medium with_line width_default thick_1 style_solid color_border align_center with_text with_content\"><div class=\"w-separator-h\"><h2 class=\"w-separator-text\"><i class=\"fas fa-sun\"><\/i><span>Hier k\u00f6nnen Sie das beste Sport- und Wochenendcamp organisieren!<\/span><\/h2><\/div><\/div><div class=\"wpb_text_column\" ><div class=\"wpb_wrapper\"><h3 style=\"text-align: center;\">Es gibt viele Einrichtungen, wie einen gro\u00dfen Sportplatz, eine Sporthalle und einen Swimmingpool. Ideal f\u00fcr ein erfolgreiches (Sport)Camp!<\/h3>\n<\/div><\/div><\/div><\/div><\/div><\/div><\/div><\/section><section class=\"l-section wpb_row height_auto\"><div class=\"l-section-h i-cf\"><div class=\"g-cols vc_row type_default valign_top\"><div class=\"vc_col-sm-6 wpb_column vc_column_container\"><div class=\"vc_column-inner\"><div class=\"wpb_wrapper\"><div class=\"w-image us_custom_ffe38d40 align_none\"><div class=\"w-image-h\"><img width=\"800\" height=\"600\" src=\"https:\/\/heino.nl\/wp-content\/uploads\/2020\/09\/Summercamp-Heino-challenge-run.jpg\" class=\"attachment-large size-large\" alt=\"\" loading=\"lazy\" srcset=\"https:\/\/heino.nl\/wp-content\/uploads\/2020\/09\/Summercamp-Heino-challenge-run.jpg 800w, https:\/\/heino.nl\/wp-content\/uploads\/2020\/09\/Summercamp-Heino-challenge-run-300x225.jpg 300w\" sizes=\"(max-width: 800px) 100vw, 800px\" \/><\/div><\/div><\/div><\/div><\/div><div class=\"vc_col-sm-6 wpb_column vc_column_container\"><div class=\"vc_column-inner\"><div class=\"wpb_wrapper\"><div class=\"wpb_text_column\" ><div class=\"wpb_wrapper\"><p>Im Summercamp Heino wird schnell ein Sport- und Wochenendcamp organisiert. Alle unsere Preise beinhalten die Nutzung unserer Einrichtungen wie Kino, Disco, Schwimmbad, Sportpl\u00e4tze, Minigolf usw. Sie m\u00fcssen sich auch nicht um das Kochen oder Abwaschen k\u00fcmmern, die Mahlzeiten aus unserem Restaurant sind immer inbegriffen!<\/p>\n<\/div><\/div><div class=\"w-separator us_custom_1e0e9307 size_small has_font_size with_line width_default thick_1 style_solid color_secondary align_left with_text with_content\"><div class=\"w-separator-h\"><h3 class=\"w-separator-text\"><i class=\"fas fa-plus\"><\/i><span>Erweiterung ist immer m\u00f6glich, stellen Sie ihre eigene Freizeit zusammen<\/span><\/h3><\/div><\/div><div class=\"wpb_text_column\" ><div class=\"wpb_wrapper\"><p>Sie k\u00f6nnen das Programm auch erweitern. Es gibt verschiedene Outdoor- und Sport- \/ Spielaktivit\u00e4ten sowie verschiedene Teambuilding- und Einf\u00fchrungsprogramme. Denken Sie an Teameins\u00e4tze, den Challenge Run, den Flo\u00dfbau, GPS-Touren und vieles mehr!<\/p>\n<\/div><\/div><div class=\"w-separator size_small\"><\/div><div class=\"wpb_text_column\" ><div class=\"wpb_wrapper\"><p><em>Wir empfangen nur die j\u00fcngeren Mannschaften von Fu\u00dfballvereinen. <\/em><br \/>\n<em>Wir empfangen auch keine Gruppen nur mit Erwachsenen, sondern nur Kinder- oder Jugendgruppen bis maximal 21 Jahre mit erwachsenen Betreuern.<\/em><\/p>\n<\/div><\/div><div class=\"w-separator size_small\"><\/div><div class=\"g-cols wpb_row  type_default valign_top vc_inner\"><div class=\"vc_col-sm-6 wpb_column vc_column_container\"><div class=\"vc_column-inner\"><div class=\"wpb_wrapper\"><div class=\"w-btn-wrapper width_full\"><a class=\"w-btn us-btn-style_1 us_custom_58aca926 icon_atleft\" href=\"https:\/\/heino.nl\/reserveren\/\"><i class=\"fas fa-arrow-right\"><\/i><span class=\"w-btn-label\">Informationsanfrage<\/span><\/a><\/div><\/div><\/div><\/div><div class=\"vc_col-sm-6 wpb_column vc_column_container\"><div class=\"vc_column-inner\"><div class=\"wpb_wrapper\"><div class=\"w-btn-wrapper width_full\"><a class=\"w-btn us-btn-style_29 us_custom_58aca926 icon_atleft\" href=\"#prijslijst\"><i class=\"fas fa-arrow-right\"><\/i><span class=\"w-btn-label\">Preisliste 2023<\/span><\/a><\/div><\/div><\/div><\/div><\/div><\/div><\/div><\/div><div class=\"vc_col-sm-12 wpb_column vc_column_container\"><div class=\"vc_column-inner\"><div class=\"wpb_wrapper\"><div class=\"w-separator size_small\"><\/div><\/div><\/div><\/div><\/div><\/div><\/section><section class=\"l-section wpb_row us_custom_6df4bc3a height_medium has_text_color with_img parallax_ver with_shape\"><div class=\"l-section-img\" style=\"background-image: url(https:\/\/heino.nl\/wp-content\/uploads\/2020\/12\/heino-achtergrond-oranje.png);background-size: auto;\" data-img-width=\"500\" data-img-height=\"500\"><\/div><div class=\"l-section-shape type_curve-inv pos_top\" style=\"color:#ffffff;height:5vh;\"><svg xmlns=\"http:\/\/www.w3.org\/2000\/svg\" viewBox=\"0 8 64 8\" preserveAspectRatio=\"none\" width=\"100%\" height=\"100%\">\r\n\t<path fill=\"currentColor\" d=\"M64 15.9 Q32 0.4 0 15.9 L0 18 L64 18 Z\"\/>\r\n<\/svg><\/div><div class=\"l-section-shape type_curve-inv pos_bottom hor_flip\" style=\"color:#ffffff;height:5vh;\"><svg xmlns=\"http:\/\/www.w3.org\/2000\/svg\" viewBox=\"0 8 64 8\" preserveAspectRatio=\"none\" width=\"100%\" height=\"100%\">\r\n\t<path fill=\"currentColor\" d=\"M64 15.9 Q32 0.4 0 15.9 L0 18 L64 18 Z\"\/>\r\n<\/svg><\/div><div class=\"l-section-h i-cf\"><div class=\"g-cols vc_row type_boxes valign_top\"><div class=\"vc_col-sm-12 wpb_column vc_column_container\"><div class=\"vc_column-inner\"><div class=\"wpb_wrapper\"><div class=\"g-cols wpb_row  type_default valign_top vc_inner\"><div class=\"vc_col-sm-4 wpb_column vc_column_container\"><div class=\"vc_column-inner us_custom_62af75cc\"><div class=\"wpb_wrapper\"><div class=\"w-vwrapper us_custom_3f5c5956 align_center valign_top\"><div class=\"w-iconbox iconpos_top style_default color_custom align_center\"><div class=\"w-iconbox-icon\" style=\"box-shadow:0 0 0 2px #ffffff inset;background:#ffffff;color:#ffffff;\"><i class=\"fas fa-water\"><\/i><\/div><div class=\"w-iconbox-meta\"><h4 class=\"w-iconbox-title\">Einschlie\u00dflich Aktivit\u00e4ten<\/h4><div class=\"w-iconbox-text\"><p>Wie Schwimmbad, Sporthalle, Disco und Kino<\/p>\n<\/div><\/div><\/div><div class=\"w-btn-wrapper width_auto align_center\"><a class=\"w-btn us-btn-style_31\" id=\"#activiteitenophetpark\" title=\"Aktivit\u00e4ten\" href=\"https:\/\/heino.nl\/de\/aktivitaeten\/\"><span class=\"w-btn-label\">Aktivit\u00e4ten<\/span><\/a><\/div><\/div><\/div><\/div><\/div><div class=\"vc_col-sm-4 wpb_column vc_column_container\"><div class=\"vc_column-inner\"><div class=\"wpb_wrapper\"><div class=\"w-vwrapper us_custom_1f7d2224 align_center valign_top\"><div class=\"w-iconbox iconpos_top style_default color_custom align_center\"><div class=\"w-iconbox-icon\" style=\"box-shadow:0 0 0 2px #ffffff inset;background:#ffffff;color:#ffffff;\"><i class=\"fas fa-house\"><\/i><\/div><div class=\"w-iconbox-meta\"><h4 class=\"w-iconbox-title\">Eigene Gruppenh\u00e4user<\/h4><div class=\"w-iconbox-text\"><div class=\"w-iconbox iconpos_top style_default color_custom align_center\">\n<div class=\"w-iconbox-meta\">\n<div class=\"w-iconbox-text\">\n<p>Ein separates Gruppenhaus f\u00fcr jede Gruppe<\/p>\n<\/div>\n<\/div>\n<\/div>\n<\/div><\/div><\/div><div class=\"w-btn-wrapper width_auto align_center\"><a class=\"w-btn us-btn-style_31\" title=\"Gruppenh\u00e4user\" href=\"https:\/\/heino.nl\/de\/gruppenhaeuser\/\"><span class=\"w-btn-label\">Gruppenh\u00e4user<\/span><\/a><\/div><\/div><\/div><\/div><\/div><div class=\"vc_col-sm-4 wpb_column vc_column_container\"><div class=\"vc_column-inner\"><div class=\"wpb_wrapper\"><div class=\"w-vwrapper us_custom_1f7d2224 align_center valign_top\"><div class=\"w-iconbox iconpos_top style_default color_custom align_center\"><div class=\"w-iconbox-icon\" style=\"box-shadow:0 0 0 2px #ffffff inset;background:#ffffff;color:#ffffff;\"><i class=\"fas fa-soup\"><\/i><\/div><div class=\"w-iconbox-meta\"><h4 class=\"w-iconbox-title\">Mahlzeiten inklusiv<\/h4><div class=\"w-iconbox-text\"><p>3x Pro Tag gibt es ein Buffet im Restaurant.<\/p>\n<\/div><\/div><\/div><div class=\"w-btn-wrapper width_auto align_center\"><a class=\"w-btn us-btn-style_31\" id=\"#activiteitenophetpark\" title=\"Essen und Trinken\" href=\"https:\/\/heino.nl\/de\/essen-und-trinken\/\"><span class=\"w-btn-label\">Essen und Trinken<\/span><\/a><\/div><\/div><\/div><\/div><\/div><\/div><\/div><\/div><\/div><\/div><\/div><\/section><section class=\"l-section wpb_row height_auto\" id=\"prijslijst\"><div class=\"l-section-h i-cf\"><div class=\"g-cols vc_row type_default valign_top\"><div class=\"vc_col-sm-12 wpb_column vc_column_container\"><div class=\"vc_column-inner\"><div class=\"wpb_wrapper\"><section class=\"l-section wpb_row height_small\" id=\"prijslijst\"><div class=\"l-section-h i-cf\"><div class=\"g-cols vc_row type_default valign_top gap-10px\"><style>.g-cols.gap-10px{margin:0 calc(-1.5rem - 10px)}.gap-10px > .vc_column_container {padding:10px}<\/style><div class=\"vc_col-sm-12 wpb_column vc_column_container has-fill\"><div class=\"vc_column-inner us_custom_67c52887\"><div class=\"wpb_wrapper\"><div class=\"w-separator size_small with_line width_default thick_1 style_solid color_secondary align_center with_text with_content\"><div class=\"w-separator-h\"><h2 class=\"w-separator-text\"><i class=\"fas fa-sun\"><\/i><span>Allgemeine Aufenthaltspreise 2026<\/span><\/h2><\/div><\/div><div class=\"g-cols wpb_row  type_default valign_top vc_inner\"><div class=\"vc_col-sm-4 wpb_column vc_column_container\"><div class=\"vc_column-inner\"><div class=\"wpb_wrapper\"><div class=\"w-separator size_small with_line width_default thick_1 style_solid color_secondary align_left with_text with_content\"><div class=\"w-separator-h\"><h4 class=\"w-separator-text\"><i class=\"fas fa-sun\"><\/i><span>Allgemeines<\/span><\/h4><\/div><\/div><div class=\"wpb_text_column\" ><div class=\"wpb_wrapper\"><p><strong>\u00dcbernachtung inklusive Fr\u00fchst\u00fcck<\/strong><br \/>\n34,50 \u20ac pro Person pro Nacht.<\/p>\n<p><strong>Mittagessen<\/strong><br \/>\n5,25 \u20ac pro Person pro Tag.<\/p>\n<p><strong>Abendessen<\/strong><br \/>\n6,25 \u20ac pro Person pro Tag.<\/p>\n<p><strong>Lunchpaket<\/strong><br \/>\n4,50 \u20ac pro Person pro Tag.<\/p>\n<p><strong>Check-in und Check-out Zeiten<\/strong><br \/>\nCheck-in ab 15:00 Uhr.<br \/>\nCheck-out vor 10:00 Uhr.<\/p>\n<\/div><\/div><\/div><\/div><\/div><div class=\"vc_col-sm-4 wpb_column vc_column_container\"><div class=\"vc_column-inner\"><div class=\"wpb_wrapper\"><div class=\"w-separator size_small with_line width_default thick_1 style_solid color_secondary align_left with_text with_content\"><div class=\"w-separator-h\"><h4 class=\"w-separator-text\"><i class=\"fas fa-plus\"><\/i><span>Bettw\u00e4sche<\/span><\/h4><\/div><\/div><div class=\"wpb_text_column\" ><div class=\"wpb_wrapper\"><p><strong>Bettw\u00e4sche:<\/strong><br \/>\nAuf jedem Bett liegt ein Kissen. Teilnehmer m\u00fcssen Folgendes selbst mitbringen: Spannbettlaken, Kissenbezug, Schlafsack oder Bettdecke mit Bettdeckenbezug. Auf Wunsch kann dies gemietet werden:<\/p>\n<p><strong>Bettw\u00e4sche inklusive Bettlaken (optional)<\/strong><br \/>\n17,00 \u20ac Pauschal<\/p>\n<p><strong>Nur Bettdecke<\/strong><br \/>\n7,00 \u20ac pro Bettdecke.<\/p>\n<p><strong>Nur Bettw\u00e4sche<\/strong><br \/>\n11,00 \u20ac pro Paket.<\/p>\n<\/div><\/div><\/div><\/div><\/div><div class=\"vc_col-sm-4 wpb_column vc_column_container\"><div class=\"vc_column-inner\"><div class=\"wpb_wrapper\"><div class=\"w-separator size_small with_line width_default thick_1 style_solid color_secondary align_left with_text with_content\"><div class=\"w-separator-h\"><h4 class=\"w-separator-text\"><i class=\"fas fa-trees\"><\/i><span>Zuschl\u00e4ge<\/span><\/h4><\/div><\/div><div class=\"wpb_text_column\" ><div class=\"wpb_wrapper\"><p><strong>Kurtaxe<\/strong><br \/>\n1,55 \u20ac p.P.p.N.<\/p>\n<p><strong>Wochenendzuschlag<\/strong><br \/>\n3,00 \u20ac p.P.p.N.<\/p>\n<p><strong>Aufpreis bei einen Aufenthalt von 1 Nacht<\/strong><br \/>\n16,75 \u20ac p.P.<\/p>\n<p><strong>Buchungskosten<\/strong><br \/>\n25,00 \u20ac pro\u00a0 Buchung<\/p>\n<p><strong>Fr\u00fcher Check-in<\/strong><br \/>\n5,00 \u20ac p.p. (Anreise vor 15.00 Uhr)<\/p>\n<p><strong>Sp\u00e4ter Check-out<\/strong><br \/>\n5.00 \u20ac p.p. (Abreise nach 10.00 Uhr)<\/p>\n<\/div><\/div><\/div><\/div><\/div><div class=\"vc_col-sm-12 wpb_column vc_column_container\"><div class=\"vc_column-inner\"><div class=\"wpb_wrapper\"><div class=\"wpb_text_column\" ><div class=\"wpb_wrapper\"><\/div><\/div><div class=\"w-separator size_small with_line width_default thick_1 style_solid color_primary align_center with_content\"><div class=\"w-separator-h\"><i class=\"fas fa-map-signs\"><\/i><\/div><\/div><div class=\"wpb_text_column\" ><div class=\"wpb_wrapper\"><p><strong>Erl\u00e4uterung der Check-in und Check-out-Zeiten:<\/strong><\/p>\n<p>Standardzeiten sind: Check-in ab 15:00 Uhr Check-out vor 10:00 Uhr<\/p>\n<p><em>Zuschlag f\u00fcr andere Check-in-Zeiten<\/em><br \/>\nFr\u00fcher Check-in 5,00 \u20ac pro Person (bei Ankunft vor 15:00 Uhr) Bitte beachten Sie, dass es sehr wahrscheinlich ist, dass die Unterk\u00fcnfte bei Ankunft noch nicht gereinigt sind und Sie daher Zeit au\u00dferhalb der H\u00e4user verbringen m\u00fcssen, bis diese fertig sind.<\/p>\n<p>Sp\u00e4tes Auschecken 5,00 \u20ac pro Person (bei Abreise nach 10:00 Uhr) Bitte beachten Sie, dass es sehr wahrscheinlich ist, dass Sie die Unterkunft(en) vor 10:00 Uhr verlassen m\u00fcssen, aufgrund der Ankunft neuer Gruppen und Reinigung der H\u00e4user.<\/p>\n<p><strong>Einrichtungen<\/strong><br \/>\nAlle Preise beinhalten die Nutzung der Einrichtungen wie Schwimmbad, Kino, Disco, Sporthalle usw.<\/p>\n<p><strong>Abendessen am ersten Tag<\/strong><br \/>\nUm das Abendessen am ersten Tag in Anspruch nehmen zu k\u00f6nnen, m\u00fcssen Sie vor 18:00 Uhr anreisen. Wenn Sie nach 18:00 Uhr anreisen, zahlen Sie an diesem Tag nur f\u00fcr eine \u00dcbernachtung mit Fr\u00fchst\u00fcck.<\/p>\n<\/div><\/div><\/div><\/div><\/div><\/div><\/div><\/div><\/div><\/div><\/div><\/section>\n<\/div><\/div><\/div><\/div><\/div><\/section>\n","protected":false},"excerpt":{"rendered":"Hier k\u00f6nnen Sie das beste Sport- und Wochenendcamp organisieren! Es gibt viele Einrichtungen, wie einen gro\u00dfen Sportplatz, eine Sporthalle und einen Swimmingpool. Ideal f\u00fcr ein erfolgreiches (Sport)Camp! Im Summercamp Heino wird schnell ein Sport- und Wochenendcamp organisiert. Alle unsere Preise beinhalten die Nutzung unserer Einrichtungen wie Kino, Disco, Schwimmbad, Sportpl\u00e4tze, Minigolf usw. Sie m\u00fcssen sich...","protected":false},"author":3,"featured_media":14361,"parent":0,"menu_order":2,"comment_status":"closed","ping_status":"closed","template":"","meta":[],"yoast_head":"<!-- This site is optimized with the Yoast SEO plugin v15.8 - https:\/\/yoast.com\/wordpress\/plugins\/seo\/ -->\n<title>Sport- und Wochenendcamp - Summercamp Heino<\/title>\n<meta name=\"robots\" content=\"index, follow, max-snippet:-1, max-image-preview:large, max-video-preview:-1\" \/>\n<link rel=\"canonical\" href=\"https:\/\/heino.nl\/de\/sport-und-wochenendcamp-schnell-arrangiert\/\" \/>\n<meta property=\"og:locale\" content=\"de_DE\" \/>\n<meta property=\"og:type\" content=\"article\" \/>\n<meta property=\"og:title\" content=\"Sport- und Wochenendcamp - Summercamp Heino\" \/>\n<meta property=\"og:url\" content=\"https:\/\/heino.nl\/de\/sport-und-wochenendcamp-schnell-arrangiert\/\" \/>\n<meta property=\"og:site_name\" content=\"Summercamp Heino\" \/>\n<meta property=\"article:modified_time\" content=\"2023-03-08T10:33:30+00:00\" \/>\n<meta property=\"og:image\" content=\"https:\/\/heino.nl\/wp-content\/uploads\/2020\/12\/Hoogteparcours-4-scaled-1.webp\" \/>\n\t<meta property=\"og:image:width\" content=\"2560\" \/>\n\t<meta property=\"og:image:height\" content=\"1707\" \/>\n<meta name=\"twitter:card\" content=\"summary_large_image\" \/>\n<meta name=\"twitter:label1\" content=\"Gesch\u00e4tzte Lesezeit\">\n\t<meta name=\"twitter:data1\" content=\"2 Minuten\">\n<script type=\"application\/ld+json\" class=\"yoast-schema-graph\">{\"@context\":\"https:\/\/schema.org\",\"@graph\":[{\"@type\":\"WebSite\",\"@id\":\"https:\/\/heino.nl\/#website\",\"url\":\"https:\/\/heino.nl\/\",\"name\":\"Recreatiebanen\",\"description\":\"\",\"potentialAction\":[{\"@type\":\"SearchAction\",\"target\":\"https:\/\/heino.nl\/?s={search_term_string}\",\"query-input\":\"required name=search_term_string\"}],\"inLanguage\":\"de-DE\"},{\"@type\":\"ImageObject\",\"@id\":\"https:\/\/heino.nl\/de\/sport-und-wochenendcamp-schnell-arrangiert\/#primaryimage\",\"inLanguage\":\"de-DE\",\"url\":\"https:\/\/heino.nl\/wp-content\/uploads\/2024\/02\/Jacobsladder.jpg\",\"width\":2000,\"height\":1333},{\"@type\":\"WebPage\",\"@id\":\"https:\/\/heino.nl\/de\/sport-und-wochenendcamp-schnell-arrangiert\/#webpage\",\"url\":\"https:\/\/heino.nl\/de\/sport-und-wochenendcamp-schnell-arrangiert\/\",\"name\":\"Sport- und Wochenendcamp - Summercamp Heino\",\"isPartOf\":{\"@id\":\"https:\/\/heino.nl\/#website\"},\"primaryImageOfPage\":{\"@id\":\"https:\/\/heino.nl\/de\/sport-und-wochenendcamp-schnell-arrangiert\/#primaryimage\"},\"datePublished\":\"2021-01-19T10:38:18+00:00\",\"dateModified\":\"2023-03-08T10:33:30+00:00\",\"breadcrumb\":{\"@id\":\"https:\/\/heino.nl\/de\/sport-und-wochenendcamp-schnell-arrangiert\/#breadcrumb\"},\"inLanguage\":\"de-DE\",\"potentialAction\":[{\"@type\":\"ReadAction\",\"target\":[\"https:\/\/heino.nl\/de\/sport-und-wochenendcamp-schnell-arrangiert\/\"]}]},{\"@type\":\"BreadcrumbList\",\"@id\":\"https:\/\/heino.nl\/de\/sport-und-wochenendcamp-schnell-arrangiert\/#breadcrumb\",\"itemListElement\":[{\"@type\":\"ListItem\",\"position\":1,\"item\":{\"@type\":\"WebPage\",\"@id\":\"https:\/\/heino.nl\/de\/\",\"url\":\"https:\/\/heino.nl\/de\/\",\"name\":\"Home\"}},{\"@type\":\"ListItem\",\"position\":2,\"item\":{\"@type\":\"WebPage\",\"@id\":\"https:\/\/heino.nl\/de\/sport-und-wochenendcamp-schnell-arrangiert\/\",\"url\":\"https:\/\/heino.nl\/de\/sport-und-wochenendcamp-schnell-arrangiert\/\",\"name\":\"Sport- und Wochenendcamp\"}}]}]}<\/script>\n<!-- \/ Yoast SEO plugin. -->","_links":{"self":[{"href":"https:\/\/heino.nl\/de\/wp-json\/wp\/v2\/pages\/12585"}],"collection":[{"href":"https:\/\/heino.nl\/de\/wp-json\/wp\/v2\/pages"}],"about":[{"href":"https:\/\/heino.nl\/de\/wp-json\/wp\/v2\/types\/page"}],"author":[{"embeddable":true,"href":"https:\/\/heino.nl\/de\/wp-json\/wp\/v2\/users\/3"}],"replies":[{"embeddable":true,"href":"https:\/\/heino.nl\/de\/wp-json\/wp\/v2\/comments?post=12585"}],"version-history":[{"count":0,"href":"https:\/\/heino.nl\/de\/wp-json\/wp\/v2\/pages\/12585\/revisions"}],"wp:featuredmedia":[{"embeddable":true,"href":"https:\/\/heino.nl\/de\/wp-json\/wp\/v2\/media\/14361"}],"wp:attachment":[{"href":"https:\/\/heino.nl\/de\/wp-json\/wp\/v2\/media?parent=12585"}],"curies":[{"name":"wp","href":"https:\/\/api.w.org\/{rel}","templated":true}]}}