{"id":12578,"date":"2021-01-19T10:34:41","date_gmt":"2021-01-19T10:34:41","guid":{"rendered":"https:\/\/heino.nl\/schulcamp-schnell-arrangiert\/"},"modified":"2023-11-09T13:51:26","modified_gmt":"2023-11-09T13:51:26","slug":"klassenfahrten","status":"publish","type":"page","link":"https:\/\/heino.nl\/de\/klassenfahrten\/","title":{"rendered":"Klassenfahrten"},"content":{"rendered":"<section class=\"l-section wpb_row us_custom_eb849559 height_small\"><div class=\"l-section-h i-cf\"><div class=\"g-cols vc_row type_default valign_top\"><div class=\"vc_col-sm-12 wpb_column vc_column_container\"><div class=\"vc_column-inner\"><div class=\"wpb_wrapper\"><div class=\"w-separator size_medium with_line width_default thick_1 style_solid color_primary align_center with_text with_content\"><div class=\"w-separator-h\"><h2 class=\"w-separator-text\"><i class=\"fas fa-sun\"><\/i><span>Buchen Sie einfach Ihre Klassenfahrt hier!<\/span><\/h2><\/div><\/div><div class=\"wpb_text_column\" ><div class=\"wpb_wrapper\"><h3 style=\"text-align: center;\">Mit der Klasse auf Klassenfahrt gehen: sowohl f\u00fcr die Sch\u00fcler als auch f\u00fcr die Lehrer<br \/>\nein unvergessliches und unverzichtbares Erlebnis!<\/h3>\n<\/div><\/div><\/div><\/div><\/div><\/div><\/div><\/section><section class=\"l-section wpb_row height_auto\"><div class=\"l-section-h i-cf\"><div class=\"g-cols vc_row type_default valign_top\"><div class=\"vc_col-sm-6 wpb_column vc_column_container\"><div class=\"vc_column-inner\"><div class=\"wpb_wrapper\"><div class=\"w-image us_custom_ffe38d40 align_none\"><div class=\"w-image-h\"><img width=\"800\" height=\"600\" src=\"https:\/\/heino.nl\/wp-content\/uploads\/2020\/09\/Summercamp-Heino-challenge-run.jpg\" class=\"attachment-large size-large\" alt=\"\" loading=\"lazy\" srcset=\"https:\/\/heino.nl\/wp-content\/uploads\/2020\/09\/Summercamp-Heino-challenge-run.jpg 800w, https:\/\/heino.nl\/wp-content\/uploads\/2020\/09\/Summercamp-Heino-challenge-run-300x225.jpg 300w\" sizes=\"(max-width: 800px) 100vw, 800px\" \/><\/div><\/div><\/div><\/div><\/div><div class=\"vc_col-sm-6 wpb_column vc_column_container\"><div class=\"vc_column-inner\"><div class=\"wpb_wrapper\"><div class=\"wpb_text_column\" ><div class=\"wpb_wrapper\"><p style=\"text-align: justify;\">Das Summercamp Heino ist\u00a0super f\u00fcr Klassenfahrten\u00a0geeignet. In\u00a0unseren\u00a0Preisen\u00a0ist die\u00a0Nutzung aller unserer Angebote wie Kino, Disco, Schwimmbad, Sportplatz, Minigolf, usw. mit inbegriffen.\u00a0Ebenfalls brauchen Sie sich keine Gedanken \u00fcber selber\u00a0kochen und\u00a0abwaschen zu machen. Auch die\u00a0Mahlzeiten sind\u00a0im Preis inbegriffen und werden im Restaurant eingenommen.\u00a0Gegen Aufpreis ist eine\u00a0Erweiterung\u00a0des Programms\u00a0durch\u00a0diverse Outdoor-\u00a0und\u00a0Sport\/Spiel\u00a0Aktivit\u00e4ten, sowie\u00a0auch\u00a0durch Teambildungs-\u00a0und\u00a0Kennenlern\u00a0Programme m\u00f6glich. Dazu geh\u00f6ren Teamauftr\u00e4ge, Challenge Run, Flo\u00dfbauen, GPS Touren und noch viel mehr.<\/p>\n<\/div><\/div><div class=\"w-separator us_custom_1e0e9307 size_small has_font_size with_line width_default thick_1 style_solid color_secondary align_left with_text with_content\"><div class=\"w-separator-h\"><h3 class=\"w-separator-text\"><i class=\"fas fa-bus\"><\/i><span>Der Spa\u00df beginnt schon im Bus!<\/span><\/h3><\/div><\/div><div class=\"wpb_text_column\" ><div class=\"wpb_wrapper\"><p>W\u00e4hlen Sie eines unserer Pauschalprogramme, dann ist sogar der Bustransfer geregelt. Unsere Busse holen Sie an der Schule ab und bringen Sie auch wieder dorthin zur\u00fcck.\u00a0 Schauen Sie gleich hier unten auf den Link f\u00fcr den verschiedenen Programmen. Selbstverst\u00e4ndlich ist ein Angebot \u201eauf Ma\u00df\u201c auch m\u00f6glich!<\/p>\n<p>\u00dcbernehmen Sie\u00a0den Transfer lieber selbst, dann\u00a0schauen Sie\u00a0einfach auf die Preisliste.<\/p>\n<\/div><\/div><div class=\"w-separator size_small\"><\/div><div class=\"g-cols wpb_row  type_default valign_top vc_inner\"><div class=\"vc_col-sm-6 wpb_column vc_column_container\"><div class=\"vc_column-inner\"><div class=\"wpb_wrapper\"><div class=\"w-btn-wrapper width_full\"><a class=\"w-btn us-btn-style_1 us_custom_e36ab316 icon_atleft\" href=\"https:\/\/heino.nl\/de\/informationsanfrage\/\"><i class=\"fas fa-arrow-right\"><\/i><span class=\"w-btn-label\">Informationsanfrage<\/span><\/a><\/div><\/div><\/div><\/div><div class=\"vc_col-sm-6 wpb_column vc_column_container\"><div class=\"vc_column-inner\"><div class=\"wpb_wrapper\"><div class=\"w-btn-wrapper width_full\"><a class=\"w-btn us-btn-style_29 us_custom_8cfb6823 icon_atleft\" href=\"#prijslijst\"><i class=\"fas fa-arrow-right\"><\/i><span class=\"w-btn-label\">Preisliste ohne Bus<\/span><\/a><\/div><\/div><\/div><\/div><\/div><\/div><\/div><\/div><div class=\"vc_col-sm-12 wpb_column vc_column_container\"><div class=\"vc_column-inner\"><div class=\"wpb_wrapper\"><div class=\"w-separator size_small\"><\/div><\/div><\/div><\/div><\/div><\/div><\/section><section class=\"l-section wpb_row height_auto\"><div class=\"l-section-h i-cf\"><div class=\"g-cols vc_row type_default valign_middle\"><div class=\"vc_col-sm-12 wpb_column vc_column_container\"><div class=\"vc_column-inner\"><div class=\"wpb_wrapper\"><div class=\"w-separator size_medium\"><\/div><div class=\"w-separator size_medium with_line width_default thick_1 style_solid color_primary align_center with_text with_content\"><div class=\"w-separator-h\"><h2 class=\"w-separator-text\"><i class=\"fas fa-sun\"><\/i><span>Pauschalprogramme inkl. Bustransfer<\/span><\/h2><\/div><\/div><\/div><\/div><\/div><\/div><\/div><\/section><section class=\"l-section wpb_row us_custom_c60600e8 height_auto with_img parallax_ver with_shape\"><div class=\"l-section-img\" style=\"background-image: url(https:\/\/heino.nl\/wp-content\/uploads\/2020\/12\/nathan-dumlao-J2gEgTPM_OA-unsplash-scaled.jpg);\" data-img-width=\"2560\" data-img-height=\"1707\"><\/div><div class=\"l-section-shape type_wave pos_top\" style=\"color:#ffffff;\"><svg xmlns=\"http:\/\/www.w3.org\/2000\/svg\" viewBox=\"0 4 64 4\" preserveAspectRatio=\"none\" width=\"100%\" height=\"100%\">\r\n\t<path fill=\"currentColor\" d=\"M64 6 C32 0 32 12 0 6 L0 8 L64 8 Z\"\/>\r\n<\/svg><\/div><div class=\"l-section-shape type_wave pos_bottom hor_flip\" style=\"color:#ffffff;\"><svg xmlns=\"http:\/\/www.w3.org\/2000\/svg\" viewBox=\"0 4 64 4\" preserveAspectRatio=\"none\" width=\"100%\" height=\"100%\">\r\n\t<path fill=\"currentColor\" d=\"M64 6 C32 0 32 12 0 6 L0 8 L64 8 Z\"\/>\r\n<\/svg><\/div><div class=\"l-section-h i-cf\"><div class=\"g-cols vc_row type_default valign_middle\"><div class=\"vc_col-sm-12 wpb_column vc_column_container\"><div class=\"vc_column-inner\"><div class=\"wpb_wrapper\"><div class=\"w-grid type_grid layout_12206 cols_2 overflow_hidden\" id=\"us_grid_1\" data-filterable=\"true\"><style id=\"us_grid_1_css\">#us_grid_1 .w-grid-item{padding:1.5rem}#us_grid_1 .w-grid-list{margin:-1.5rem}.w-grid + #us_grid_1 .w-grid-list{margin-top:1.5rem}@media (max-width:599px){#us_grid_1 .w-grid-list{margin:0}#us_grid_1 .w-grid-item{width:100.0000%;padding:0;margin-bottom:1.5rem}}<\/style><style>.layout_12206 .w-grid-item-h{background:#ffffff;color:#333333;border-radius:1rem;z-index:3;box-shadow:0 0.03rem 0.06rem rgba(0,0,0,0.1),0 0.10rem 0.30rem rgba(0,0,0,0.1);transition-duration:0.3s}.no-touch .layout_12206 .w-grid-item-h:hover{box-shadow:0 0.10rem 0.20rem rgba(0,0,0,0.1),0 0.33rem 1.00rem rgba(0,0,0,0.15);z-index:4}.layout_12206 .usg_post_image_1{transition-duration:0.3s;transform-origin:50% 50%;transform:scale(1) translate(0%,0%)}.layout_12206 .w-grid-item-h:hover .usg_post_image_1{transform:scale(1.1) translate(0%,0%);opacity:0.7;background:#000000!important}.layout_12206 .usg_post_title_1{color:#11a3f2!important;font-weight:700!important;text-transform:capitalize!important}.layout_12206 .usg_vwrapper_1{padding:9% 11% 11% 11%!important}.layout_12206 .usg_post_taxonomy_1{font-weight:700!important;text-transform:uppercase!important;font-size:10px!important;position:absolute!important;top:1.2rem!important;right:1.2rem!important;left:1.2rem!important}<\/style><div class=\"w-grid-list\" >\t<article class=\"w-grid-item size_1x1 post-13016 us_portfolio type-us_portfolio status-publish has-post-thumbnail hentry us_portfolio_category-klassenfahrten\" data-id=\"13016\">\r\n\t\t<div class=\"w-grid-item-h\">\r\n\t\t\t\t\t\t<div class=\"w-post-elm post_image usg_post_image_1 has_ratio\"><div style=\"padding-bottom:56.2500%\"><\/div><a href=\"https:\/\/heino.nl\/de\/arrangement\/spiel-sport-spass-programm\/\" aria-label=\"Spiel Sport Spa\u00df Programm\"><img width=\"1024\" height=\"683\" src=\"https:\/\/heino.nl\/wp-content\/uploads\/2021\/01\/Summercamp-Heino-introductiekamp.jpg\" class=\"attachment-large size-large wp-post-image\" alt=\"Summercamp-Heino-introductiekamp\" loading=\"lazy\" srcset=\"https:\/\/heino.nl\/wp-content\/uploads\/2021\/01\/Summercamp-Heino-introductiekamp.jpg 1024w, https:\/\/heino.nl\/wp-content\/uploads\/2021\/01\/Summercamp-Heino-introductiekamp-300x200.jpg 300w, https:\/\/heino.nl\/wp-content\/uploads\/2021\/01\/Summercamp-Heino-introductiekamp-600x400.jpg 600w\" sizes=\"(max-width: 1024px) 100vw, 1024px\" \/><\/a><\/div><div class=\"w-vwrapper usg_vwrapper_1 align_left valign_top\"><h2 class=\"w-post-elm post_title usg_post_title_1 entry-title color_link_inherit has_text_color\"><a href=\"https:\/\/heino.nl\/de\/arrangement\/spiel-sport-spass-programm\/\">Spiel Sport Spa\u00df Programm<\/a><\/h2><div class=\"w-post-elm post_content usg_post_content_2\"><p><span style=\"font-weight:bolder; color:#ff7700\">ab 268 \u20ac p.P.<\/span><\/p>\n<p><b>PROGRAMMABLAUF<\/b><br \/>\n1. Tag:\u00a0 Anreise zwischen 13.00 &#8211; 15.00 Uhr (Die abfahrtszeit wird von uns festgelegt)<br \/>\n2. Tag:\u00a0 Challenge Run &#8211; Lunchpeket<br \/>\n3. Tag:\u00a0 Woodland Adventure American Golf am See &#8211; Mittagessen<br \/>\n4. Tag:\u00a0 Ausflug Freizeitpark Slagharen<br \/>\n5. Tag:\u00a0 R\u00fcckreise zwischen 10.00 &#8211; 11.00 Uhr<\/p>\n<\/div><a class=\"w-btn us-btn-style_1 usg_btn_1 icon_atright\" href=\"https:\/\/heino.nl\/de\/arrangement\/spiel-sport-spass-programm\/\"><span class=\"w-btn-label\">Mehr Infos<\/span><i class=\"fas fa-arrow-right\"><\/i><\/a><\/div>\t\t<\/div>\r\n\t<\/article>\r\n\t<article class=\"w-grid-item size_1x1 post-12984 us_portfolio type-us_portfolio status-publish has-post-thumbnail hentry us_portfolio_category-klassenfahrten\" data-id=\"12984\">\r\n\t\t<div class=\"w-grid-item-h\">\r\n\t\t\t\t\t\t<div class=\"w-post-elm post_image usg_post_image_1 has_ratio\"><div style=\"padding-bottom:56.2500%\"><\/div><a href=\"https:\/\/heino.nl\/de\/arrangement\/kultur-spass-sport-programm\/\" aria-label=\"Kultur Spa\u00df Sport Programm\"><img width=\"1024\" height=\"683\" src=\"https:\/\/heino.nl\/wp-content\/uploads\/2020\/12\/Hoogteparcours-4-1024x683.jpg\" class=\"attachment-large size-large wp-post-image\" alt=\"Height course in forest\" loading=\"lazy\" srcset=\"https:\/\/heino.nl\/wp-content\/uploads\/2020\/12\/Hoogteparcours-4-1024x683.jpg 1024w, https:\/\/heino.nl\/wp-content\/uploads\/2020\/12\/Hoogteparcours-4-300x200.jpg 300w, https:\/\/heino.nl\/wp-content\/uploads\/2020\/12\/Hoogteparcours-4-1536x1024.jpg 1536w\" sizes=\"(max-width: 1024px) 100vw, 1024px\" \/><\/a><\/div><div class=\"w-vwrapper usg_vwrapper_1 align_left valign_top\"><h2 class=\"w-post-elm post_title usg_post_title_1 entry-title color_link_inherit has_text_color\"><a href=\"https:\/\/heino.nl\/de\/arrangement\/kultur-spass-sport-programm\/\">Kultur Spa\u00df Sport Programm<\/a><\/h2><div class=\"w-post-elm post_content usg_post_content_2\"><p><span style=\"font-weight:bolder; color:#ff7700\">ab 282 \u20ac p.P.<\/span><\/p>\n<p><b>PROGRAMMABLAUF<\/b><br \/>\n1. Tag Anreise ZWISCHEN 13.00 &#8211; 15.00 Uhr (Die abfahrtszeit wird von uns festgelegt)<br \/>\n2. Tag Ausflug nach Amsterdam mit Grachtenfahrt<br \/>\n3. Tag Hochseilgarten (ca. 1\/1.5 Std.)<br \/>\n4. Tag Ausflug nach Freizeitpark Slagharen<br \/>\n5. Tag R\u00fcckreise zwischen 10.00 &#8211; 11.00 Uhr<\/p>\n<\/div><a class=\"w-btn us-btn-style_1 usg_btn_1 icon_atright\" href=\"https:\/\/heino.nl\/de\/arrangement\/kultur-spass-sport-programm\/\"><span class=\"w-btn-label\">Mehr Infos<\/span><i class=\"fas fa-arrow-right\"><\/i><\/a><\/div>\t\t<\/div>\r\n\t<\/article>\r\n<\/div><div class=\"w-grid-preloader\"><div class=\"g-preloader type_1\">\r\n\t<div><\/div>\r\n<\/div>\r\n<\/div>\t<div class=\"w-grid-json hidden\" onclick='return {&quot;action&quot;:&quot;us_ajax_grid&quot;,&quot;ajax_url&quot;:&quot;https:\\\/\\\/heino.nl\\\/wp-admin\\\/admin-ajax.php&quot;,&quot;infinite_scroll&quot;:0,&quot;max_num_pages&quot;:1,&quot;pagination&quot;:&quot;none&quot;,&quot;permalink_url&quot;:&quot;https:\\\/\\\/heino.nl\\\/de\\\/wp-json\\\/wp\\\/v2\\\/pages\\\/12578\\\/&quot;,&quot;template_vars&quot;:{&quot;columns&quot;:&quot;2&quot;,&quot;exclude_items&quot;:&quot;none&quot;,&quot;img_size&quot;:&quot;default&quot;,&quot;ignore_items_size&quot;:false,&quot;items_layout&quot;:&quot;12206&quot;,&quot;items_offset&quot;:&quot;1&quot;,&quot;load_animation&quot;:&quot;none&quot;,&quot;overriding_link&quot;:&quot;none&quot;,&quot;post_id&quot;:12578,&quot;query_args&quot;:{&quot;post_type&quot;:[&quot;us_portfolio&quot;],&quot;tax_query&quot;:[{&quot;taxonomy&quot;:&quot;us_portfolio_category&quot;,&quot;field&quot;:&quot;slug&quot;,&quot;terms&quot;:[&quot;klassenfahrten&quot;]}],&quot;post_status&quot;:[&quot;publish&quot;],&quot;posts_per_page&quot;:&quot;10&quot;},&quot;orderby_query_args&quot;:{&quot;orderby&quot;:{&quot;date&quot;:&quot;DESC&quot;}},&quot;type&quot;:&quot;grid&quot;,&quot;us_grid_ajax_index&quot;:1,&quot;us_grid_filter_params&quot;:null,&quot;us_grid_index&quot;:1,&quot;_us_grid_post_type&quot;:&quot;us_portfolio&quot;,&quot;lang&quot;:&quot;de&quot;}}'><\/div>\r\n\t<\/div><\/div><\/div><\/div><\/div><\/div><\/section><section class=\"l-section wpb_row height_auto\" id=\"prijslijst\"><div class=\"l-section-h i-cf\"><div class=\"g-cols vc_row type_default valign_top\"><div class=\"vc_col-sm-12 wpb_column vc_column_container\"><div class=\"vc_column-inner\"><div class=\"wpb_wrapper\"><section class=\"l-section wpb_row height_small\" id=\"prijslijst\"><div class=\"l-section-h i-cf\"><div class=\"g-cols vc_row type_default valign_top gap-10px\"><style>.g-cols.gap-10px{margin:0 calc(-1.5rem - 10px)}.gap-10px > .vc_column_container {padding:10px}<\/style><div class=\"vc_col-sm-12 wpb_column vc_column_container has-fill\"><div class=\"vc_column-inner us_custom_67c52887\"><div class=\"wpb_wrapper\"><div class=\"w-separator size_small with_line width_default thick_1 style_solid color_secondary align_center with_text with_content\"><div class=\"w-separator-h\"><h2 class=\"w-separator-text\"><i class=\"fas fa-sun\"><\/i><span>Allgemeine Aufenthaltspreise 2026<\/span><\/h2><\/div><\/div><div class=\"g-cols wpb_row  type_default valign_top vc_inner\"><div class=\"vc_col-sm-4 wpb_column vc_column_container\"><div class=\"vc_column-inner\"><div class=\"wpb_wrapper\"><div class=\"w-separator size_small with_line width_default thick_1 style_solid color_secondary align_left with_text with_content\"><div class=\"w-separator-h\"><h4 class=\"w-separator-text\"><i class=\"fas fa-sun\"><\/i><span>Allgemeines<\/span><\/h4><\/div><\/div><div class=\"wpb_text_column\" ><div class=\"wpb_wrapper\"><p><strong>\u00dcbernachtung inklusive Fr\u00fchst\u00fcck<\/strong><br \/>\n34,50 \u20ac pro Person pro Nacht.<\/p>\n<p><strong>Mittagessen<\/strong><br \/>\n5,25 \u20ac pro Person pro Tag.<\/p>\n<p><strong>Abendessen<\/strong><br \/>\n6,25 \u20ac pro Person pro Tag.<\/p>\n<p><strong>Lunchpaket<\/strong><br \/>\n4,50 \u20ac pro Person pro Tag.<\/p>\n<p><strong>Check-in und Check-out Zeiten<\/strong><br \/>\nCheck-in ab 15:00 Uhr.<br \/>\nCheck-out vor 10:00 Uhr.<\/p>\n<\/div><\/div><\/div><\/div><\/div><div class=\"vc_col-sm-4 wpb_column vc_column_container\"><div class=\"vc_column-inner\"><div class=\"wpb_wrapper\"><div class=\"w-separator size_small with_line width_default thick_1 style_solid color_secondary align_left with_text with_content\"><div class=\"w-separator-h\"><h4 class=\"w-separator-text\"><i class=\"fas fa-plus\"><\/i><span>Bettw\u00e4sche<\/span><\/h4><\/div><\/div><div class=\"wpb_text_column\" ><div class=\"wpb_wrapper\"><p><strong>Bettw\u00e4sche:<\/strong><br \/>\nAuf jedem Bett liegt ein Kissen. Teilnehmer m\u00fcssen Folgendes selbst mitbringen: Spannbettlaken, Kissenbezug, Schlafsack oder Bettdecke mit Bettdeckenbezug. Auf Wunsch kann dies gemietet werden:<\/p>\n<p><strong>Bettw\u00e4sche inklusive Bettlaken (optional)<\/strong><br \/>\n17,00 \u20ac Pauschal<\/p>\n<p><strong>Nur Bettdecke<\/strong><br \/>\n7,00 \u20ac pro Bettdecke.<\/p>\n<p><strong>Nur Bettw\u00e4sche<\/strong><br \/>\n11,00 \u20ac pro Paket.<\/p>\n<\/div><\/div><\/div><\/div><\/div><div class=\"vc_col-sm-4 wpb_column vc_column_container\"><div class=\"vc_column-inner\"><div class=\"wpb_wrapper\"><div class=\"w-separator size_small with_line width_default thick_1 style_solid color_secondary align_left with_text with_content\"><div class=\"w-separator-h\"><h4 class=\"w-separator-text\"><i class=\"fas fa-trees\"><\/i><span>Zuschl\u00e4ge<\/span><\/h4><\/div><\/div><div class=\"wpb_text_column\" ><div class=\"wpb_wrapper\"><p><strong>Kurtaxe<\/strong><br \/>\n1,55 \u20ac p.P.p.N.<\/p>\n<p><strong>Wochenendzuschlag<\/strong><br \/>\n3,00 \u20ac p.P.p.N.<\/p>\n<p><strong>Aufpreis bei einen Aufenthalt von 1 Nacht<\/strong><br \/>\n16,75 \u20ac p.P.<\/p>\n<p><strong>Buchungskosten<\/strong><br \/>\n25,00 \u20ac pro\u00a0 Buchung<\/p>\n<p><strong>Fr\u00fcher Check-in<\/strong><br \/>\n5,00 \u20ac p.p. (Anreise vor 15.00 Uhr)<\/p>\n<p><strong>Sp\u00e4ter Check-out<\/strong><br \/>\n5.00 \u20ac p.p. (Abreise nach 10.00 Uhr)<\/p>\n<\/div><\/div><\/div><\/div><\/div><div class=\"vc_col-sm-12 wpb_column vc_column_container\"><div class=\"vc_column-inner\"><div class=\"wpb_wrapper\"><div class=\"wpb_text_column\" ><div class=\"wpb_wrapper\"><\/div><\/div><div class=\"w-separator size_small with_line width_default thick_1 style_solid color_primary align_center with_content\"><div class=\"w-separator-h\"><i class=\"fas fa-map-signs\"><\/i><\/div><\/div><div class=\"wpb_text_column\" ><div class=\"wpb_wrapper\"><p><strong>Erl\u00e4uterung der Check-in und Check-out-Zeiten:<\/strong><\/p>\n<p>Standardzeiten sind: Check-in ab 15:00 Uhr Check-out vor 10:00 Uhr<\/p>\n<p><em>Zuschlag f\u00fcr andere Check-in-Zeiten<\/em><br \/>\nFr\u00fcher Check-in 5,00 \u20ac pro Person (bei Ankunft vor 15:00 Uhr) Bitte beachten Sie, dass es sehr wahrscheinlich ist, dass die Unterk\u00fcnfte bei Ankunft noch nicht gereinigt sind und Sie daher Zeit au\u00dferhalb der H\u00e4user verbringen m\u00fcssen, bis diese fertig sind.<\/p>\n<p>Sp\u00e4tes Auschecken 5,00 \u20ac pro Person (bei Abreise nach 10:00 Uhr) Bitte beachten Sie, dass es sehr wahrscheinlich ist, dass Sie die Unterkunft(en) vor 10:00 Uhr verlassen m\u00fcssen, aufgrund der Ankunft neuer Gruppen und Reinigung der H\u00e4user.<\/p>\n<p><strong>Einrichtungen<\/strong><br \/>\nAlle Preise beinhalten die Nutzung der Einrichtungen wie Schwimmbad, Kino, Disco, Sporthalle usw.<\/p>\n<p><strong>Abendessen am ersten Tag<\/strong><br \/>\nUm das Abendessen am ersten Tag in Anspruch nehmen zu k\u00f6nnen, m\u00fcssen Sie vor 18:00 Uhr anreisen. Wenn Sie nach 18:00 Uhr anreisen, zahlen Sie an diesem Tag nur f\u00fcr eine \u00dcbernachtung mit Fr\u00fchst\u00fcck.<\/p>\n<\/div><\/div><\/div><\/div><\/div><\/div><\/div><\/div><\/div><\/div><\/div><\/section>\n<\/div><\/div><\/div><\/div><\/div><\/section>\n","protected":false},"excerpt":{"rendered":"Summercamp Heino ist das Treffpunkt f\u00fcr Schulklassen und Jugendgruppen aus ganz Europa. Hier finden Sie fast alles, was f\u00fcr eine erlebnisreiche Klassenfahrt wichtig ist: Schwimmbad, Badesee, Lagerfeuer, Grillen, Minigolfanlage und Sporthalle, Kino und Disco. Sie wohnen mit Ihrer Klasse in ein eigenes Haus. Unser Pauschalpaket beeinhaltet: Bustransfer und Ausfl\u00fcge4 \u00dcbernachtungen mit HPProgrammleistungen und Eintritte Ab...","protected":false},"author":3,"featured_media":14527,"parent":0,"menu_order":2,"comment_status":"closed","ping_status":"closed","template":"","meta":[],"yoast_head":"<!-- This site is optimized with the Yoast SEO plugin v15.8 - https:\/\/yoast.com\/wordpress\/plugins\/seo\/ -->\n<title>Klassenfahrten - Summercamp Heino<\/title>\n<meta name=\"robots\" content=\"index, follow, max-snippet:-1, max-image-preview:large, max-video-preview:-1\" \/>\n<link rel=\"canonical\" href=\"https:\/\/heino.nl\/de\/klassenfahrten\/\" \/>\n<meta property=\"og:locale\" content=\"de_DE\" \/>\n<meta property=\"og:type\" content=\"article\" \/>\n<meta property=\"og:title\" content=\"Klassenfahrten - Summercamp Heino\" \/>\n<meta property=\"og:url\" content=\"https:\/\/heino.nl\/de\/klassenfahrten\/\" \/>\n<meta property=\"og:site_name\" content=\"Summercamp Heino\" \/>\n<meta property=\"article:modified_time\" content=\"2023-11-09T13:51:26+00:00\" \/>\n<meta property=\"og:image\" content=\"https:\/\/heino.nl\/wp-content\/uploads\/2021\/01\/Summercamp-Heino-schoolkamp.jpg\" \/>\n\t<meta property=\"og:image:width\" content=\"1024\" \/>\n\t<meta property=\"og:image:height\" content=\"683\" \/>\n<meta name=\"twitter:card\" content=\"summary_large_image\" \/>\n<meta name=\"twitter:label1\" content=\"Gesch\u00e4tzte Lesezeit\">\n\t<meta name=\"twitter:data1\" content=\"2 Minuten\">\n<script type=\"application\/ld+json\" class=\"yoast-schema-graph\">{\"@context\":\"https:\/\/schema.org\",\"@graph\":[{\"@type\":\"WebSite\",\"@id\":\"https:\/\/heino.nl\/#website\",\"url\":\"https:\/\/heino.nl\/\",\"name\":\"Recreatiebanen\",\"description\":\"\",\"potentialAction\":[{\"@type\":\"SearchAction\",\"target\":\"https:\/\/heino.nl\/?s={search_term_string}\",\"query-input\":\"required name=search_term_string\"}],\"inLanguage\":\"de-DE\"},{\"@type\":\"ImageObject\",\"@id\":\"https:\/\/heino.nl\/de\/klassenfahrten\/#primaryimage\",\"inLanguage\":\"de-DE\",\"url\":\"https:\/\/heino.nl\/wp-content\/uploads\/2024\/11\/HLZ-t-shirts-1-scaled.jpeg\",\"width\":2560,\"height\":1441},{\"@type\":\"WebPage\",\"@id\":\"https:\/\/heino.nl\/de\/klassenfahrten\/#webpage\",\"url\":\"https:\/\/heino.nl\/de\/klassenfahrten\/\",\"name\":\"Klassenfahrten - Summercamp Heino\",\"isPartOf\":{\"@id\":\"https:\/\/heino.nl\/#website\"},\"primaryImageOfPage\":{\"@id\":\"https:\/\/heino.nl\/de\/klassenfahrten\/#primaryimage\"},\"datePublished\":\"2021-01-19T10:34:41+00:00\",\"dateModified\":\"2023-11-09T13:51:26+00:00\",\"breadcrumb\":{\"@id\":\"https:\/\/heino.nl\/de\/klassenfahrten\/#breadcrumb\"},\"inLanguage\":\"de-DE\",\"potentialAction\":[{\"@type\":\"ReadAction\",\"target\":[\"https:\/\/heino.nl\/de\/klassenfahrten\/\"]}]},{\"@type\":\"BreadcrumbList\",\"@id\":\"https:\/\/heino.nl\/de\/klassenfahrten\/#breadcrumb\",\"itemListElement\":[{\"@type\":\"ListItem\",\"position\":1,\"item\":{\"@type\":\"WebPage\",\"@id\":\"https:\/\/heino.nl\/de\/\",\"url\":\"https:\/\/heino.nl\/de\/\",\"name\":\"Home\"}},{\"@type\":\"ListItem\",\"position\":2,\"item\":{\"@type\":\"WebPage\",\"@id\":\"https:\/\/heino.nl\/de\/klassenfahrten\/\",\"url\":\"https:\/\/heino.nl\/de\/klassenfahrten\/\",\"name\":\"Klassenfahrten\"}}]}]}<\/script>\n<!-- \/ Yoast SEO plugin. -->","_links":{"self":[{"href":"https:\/\/heino.nl\/de\/wp-json\/wp\/v2\/pages\/12578"}],"collection":[{"href":"https:\/\/heino.nl\/de\/wp-json\/wp\/v2\/pages"}],"about":[{"href":"https:\/\/heino.nl\/de\/wp-json\/wp\/v2\/types\/page"}],"author":[{"embeddable":true,"href":"https:\/\/heino.nl\/de\/wp-json\/wp\/v2\/users\/3"}],"replies":[{"embeddable":true,"href":"https:\/\/heino.nl\/de\/wp-json\/wp\/v2\/comments?post=12578"}],"version-history":[{"count":1,"href":"https:\/\/heino.nl\/de\/wp-json\/wp\/v2\/pages\/12578\/revisions"}],"predecessor-version":[{"id":14277,"href":"https:\/\/heino.nl\/de\/wp-json\/wp\/v2\/pages\/12578\/revisions\/14277"}],"wp:featuredmedia":[{"embeddable":true,"href":"https:\/\/heino.nl\/de\/wp-json\/wp\/v2\/media\/14527"}],"wp:attachment":[{"href":"https:\/\/heino.nl\/de\/wp-json\/wp\/v2\/media?parent=12578"}],"curies":[{"name":"wp","href":"https:\/\/api.w.org\/{rel}","templated":true}]}}