{"id":12498,"date":"2021-01-18T16:46:29","date_gmt":"2021-01-18T16:46:29","guid":{"rendered":"https:\/\/heino.nl\/grundriss-360-tour\/"},"modified":"2023-06-19T10:37:49","modified_gmt":"2023-06-19T10:37:49","slug":"grundriss-360-tour","status":"publish","type":"page","link":"https:\/\/heino.nl\/de\/grundriss-360-tour\/","title":{"rendered":"Parkplan &#038; 360 Tour"},"content":{"rendered":"<section class=\"l-section wpb_row height_medium\"><div class=\"l-section-h i-cf\"><div class=\"g-cols vc_row type_default valign_top\"><div class=\"vc_col-sm-12 wpb_column vc_column_container\"><div class=\"vc_column-inner\"><div class=\"wpb_wrapper\"><div class=\"w-image align_center\"><div class=\"w-image-h\"><img width=\"1536\" height=\"1086\" src=\"https:\/\/heino.nl\/wp-content\/uploads\/2021\/02\/Plattegrond-SC-2021-Duits-1536x1086.jpg\" class=\"attachment-us_1536_1536 size-us_1536_1536\" alt=\"\" loading=\"lazy\" srcset=\"https:\/\/heino.nl\/wp-content\/uploads\/2021\/02\/Plattegrond-SC-2021-Duits-1536x1086.jpg 1536w, https:\/\/heino.nl\/wp-content\/uploads\/2021\/02\/Plattegrond-SC-2021-Duits-300x212.jpg 300w, https:\/\/heino.nl\/wp-content\/uploads\/2021\/02\/Plattegrond-SC-2021-Duits-1024x724.jpg 1024w\" sizes=\"(max-width: 1536px) 100vw, 1536px\" \/><\/div><\/div><\/div><\/div><\/div><\/div><\/div><\/section><section class=\"l-section wpb_row us_custom_6df4bc3a height_medium has_text_color with_img parallax_ver with_shape\"><div class=\"l-section-img\" style=\"background-image: url(https:\/\/heino.nl\/wp-content\/uploads\/2020\/12\/heino-achtergrond-oranje.png);background-size: auto;\" data-img-width=\"500\" data-img-height=\"500\"><\/div><div class=\"l-section-shape type_curve-inv pos_top\" style=\"color:#ffffff;height:5vh;\"><svg xmlns=\"http:\/\/www.w3.org\/2000\/svg\" viewBox=\"0 8 64 8\" preserveAspectRatio=\"none\" width=\"100%\" height=\"100%\">\r\n\t<path fill=\"currentColor\" d=\"M64 15.9 Q32 0.4 0 15.9 L0 18 L64 18 Z\"\/>\r\n<\/svg><\/div><div class=\"l-section-shape type_curve-inv pos_bottom hor_flip\" style=\"color:#ffffff;height:5vh;\"><svg xmlns=\"http:\/\/www.w3.org\/2000\/svg\" viewBox=\"0 8 64 8\" preserveAspectRatio=\"none\" width=\"100%\" height=\"100%\">\r\n\t<path fill=\"currentColor\" d=\"M64 15.9 Q32 0.4 0 15.9 L0 18 L64 18 Z\"\/>\r\n<\/svg><\/div><div class=\"l-section-h i-cf\"><div class=\"g-cols vc_row type_boxes valign_top\"><div class=\"vc_col-sm-12 wpb_column vc_column_container\"><div class=\"vc_column-inner\"><div class=\"wpb_wrapper\"><div class=\"g-cols wpb_row  type_default valign_top vc_inner\"><div class=\"vc_col-sm-4 wpb_column vc_column_container\"><div class=\"vc_column-inner us_custom_62af75cc\"><div class=\"wpb_wrapper\"><div class=\"w-vwrapper us_custom_3f5c5956 align_center valign_top\"><div class=\"w-iconbox iconpos_top style_default color_custom align_center\"><div class=\"w-iconbox-icon\" style=\"box-shadow:0 0 0 2px #ffffff inset;background:#ffffff;color:#ffffff;\"><i class=\"fas fa-water\"><\/i><\/div><div class=\"w-iconbox-meta\"><h4 class=\"w-iconbox-title\">Einschlie\u00dflich Aktivit\u00e4ten<\/h4><div class=\"w-iconbox-text\"><p>Wie Schwimmbad, Sporthalle, Disco und Kino<\/p>\n<\/div><\/div><\/div><div class=\"w-btn-wrapper width_auto align_center\"><a class=\"w-btn us-btn-style_31\" id=\"#activiteitenophetpark\" title=\"Aktivit\u00e4ten\" href=\"https:\/\/heino.nl\/de\/aktivitaeten\/\"><span class=\"w-btn-label\">Aktivit\u00e4ten<\/span><\/a><\/div><\/div><\/div><\/div><\/div><div class=\"vc_col-sm-4 wpb_column vc_column_container\"><div class=\"vc_column-inner\"><div class=\"wpb_wrapper\"><div class=\"w-vwrapper us_custom_1f7d2224 align_center valign_top\"><div class=\"w-iconbox iconpos_top style_default color_custom align_center\"><div class=\"w-iconbox-icon\" style=\"box-shadow:0 0 0 2px #ffffff inset;background:#ffffff;color:#ffffff;\"><i class=\"fas fa-house\"><\/i><\/div><div class=\"w-iconbox-meta\"><h4 class=\"w-iconbox-title\">Eigene Gruppenh\u00e4user<\/h4><div class=\"w-iconbox-text\"><div class=\"w-iconbox iconpos_top style_default color_custom align_center\">\n<div class=\"w-iconbox-meta\">\n<div class=\"w-iconbox-text\">\n<p>Ein separates Gruppenhaus f\u00fcr jede Gruppe<\/p>\n<\/div>\n<\/div>\n<\/div>\n<\/div><\/div><\/div><div class=\"w-btn-wrapper width_auto align_center\"><a class=\"w-btn us-btn-style_31\" title=\"Gruppenh\u00e4user\" href=\"https:\/\/heino.nl\/de\/gruppenhaeuser\/\"><span class=\"w-btn-label\">Gruppenh\u00e4user<\/span><\/a><\/div><\/div><\/div><\/div><\/div><div class=\"vc_col-sm-4 wpb_column vc_column_container\"><div class=\"vc_column-inner\"><div class=\"wpb_wrapper\"><div class=\"w-vwrapper us_custom_1f7d2224 align_center valign_top\"><div class=\"w-iconbox iconpos_top style_default color_custom align_center\"><div class=\"w-iconbox-icon\" style=\"box-shadow:0 0 0 2px #ffffff inset;background:#ffffff;color:#ffffff;\"><i class=\"fas fa-soup\"><\/i><\/div><div class=\"w-iconbox-meta\"><h4 class=\"w-iconbox-title\">Mahlzeiten inklusiv<\/h4><div class=\"w-iconbox-text\"><p>3x pro Tag gibt es ein Buffet im Restaurant<\/p>\n<\/div><\/div><\/div><div class=\"w-btn-wrapper width_auto align_center\"><a class=\"w-btn us-btn-style_31\" id=\"#activiteitenophetpark\" title=\"Essen und Trinken\" href=\"https:\/\/heino.nl\/de\/essen-und-trinken\/\"><span class=\"w-btn-label\">Essen und Trinken<\/span><\/a><\/div><\/div><\/div><\/div><\/div><\/div><\/div><\/div><\/div><\/div><\/div><\/section><section class=\"l-section wpb_row height_auto\"><div class=\"l-section-h i-cf\"><div class=\"g-cols vc_row type_default valign_top\"><div class=\"vc_col-sm-12 wpb_column vc_column_container\"><div class=\"vc_column-inner\"><div class=\"wpb_wrapper\"><div class=\"w-separator size_medium with_line width_default thick_1 style_solid color_secondary align_center with_text with_content\"><div class=\"w-separator-h\"><h3 class=\"w-separator-text\"><i class=\"fas fa-sync-alt\"><\/i><span>Sehen Sie sich die 360-Grad-Tour durch unseren Park an<\/span><\/h3><\/div><\/div><div class=\"wpb_text_column vc_hidden-xs\" ><div class=\"wpb_wrapper\"><p><iframe style=\"width: 100%; height: 600px;\" src=\"https:\/\/www.skyfocus.nl\/SkyFocus\/Tours\/Heino-Summercamp\/\"><\/iframe><\/p>\n<\/div><\/div><div class=\"wpb_text_column vc_hidden-sm vc_hidden-md vc_hidden-lg\" ><div class=\"wpb_wrapper\"><p><iframe style=\"width: 100%; height: 400px;\" src=\"https:\/\/www.skyfocus.nl\/SkyFocus\/Tours\/Heino-Summercamp\/\"><\/iframe><\/p>\n<\/div><\/div><div class=\"w-separator size_medium\"><\/div><\/div><\/div><\/div><\/div><\/div><\/section>\n","protected":false},"excerpt":{"rendered":"Einschlie\u00dflich Aktivit\u00e4tenWie Schwimmbad, Sporthalle, Disco und Kino Aktivit\u00e4tenEigene Gruppenh\u00e4user Ein separates Gruppenhaus f\u00fcr jede Gruppe Gruppenh\u00e4userMahlzeiten inklusiv3x pro Tag gibt es ein Buffet im Restaurant Essen und TrinkenSehen Sie sich die 360-Grad-Tour durch unseren Park an","protected":false},"author":11,"featured_media":9406,"parent":0,"menu_order":0,"comment_status":"closed","ping_status":"closed","template":"","meta":[],"yoast_head":"<!-- This site is optimized with the Yoast SEO plugin v15.8 - https:\/\/yoast.com\/wordpress\/plugins\/seo\/ -->\n<title>Parkplan &amp; 360 Tour - Summercamp Heino<\/title>\n<meta name=\"robots\" content=\"index, follow, max-snippet:-1, max-image-preview:large, max-video-preview:-1\" \/>\n<link rel=\"canonical\" href=\"https:\/\/heino.nl\/de\/grundriss-360-tour\/\" \/>\n<meta property=\"og:locale\" content=\"de_DE\" \/>\n<meta property=\"og:type\" content=\"article\" \/>\n<meta property=\"og:title\" content=\"Parkplan &amp; 360 Tour - Summercamp Heino\" \/>\n<meta property=\"og:url\" content=\"https:\/\/heino.nl\/de\/grundriss-360-tour\/\" \/>\n<meta property=\"og:site_name\" content=\"Summercamp Heino\" \/>\n<meta property=\"article:modified_time\" content=\"2023-06-19T10:37:49+00:00\" \/>\n<meta property=\"og:image\" content=\"https:\/\/heino.nl\/wp-content\/uploads\/2020\/09\/summercamp-heino-header-test-scaled.jpg\" \/>\n\t<meta property=\"og:image:width\" content=\"2560\" \/>\n\t<meta property=\"og:image:height\" content=\"1333\" \/>\n<meta name=\"twitter:card\" content=\"summary_large_image\" \/>\n<meta name=\"twitter:label1\" content=\"Gesch\u00e4tzte Lesezeit\">\n\t<meta name=\"twitter:data1\" content=\"1 Minute\">\n<script type=\"application\/ld+json\" class=\"yoast-schema-graph\">{\"@context\":\"https:\/\/schema.org\",\"@graph\":[{\"@type\":\"WebSite\",\"@id\":\"https:\/\/heino.nl\/#website\",\"url\":\"https:\/\/heino.nl\/\",\"name\":\"Recreatiebanen\",\"description\":\"\",\"potentialAction\":[{\"@type\":\"SearchAction\",\"target\":\"https:\/\/heino.nl\/?s={search_term_string}\",\"query-input\":\"required name=search_term_string\"}],\"inLanguage\":\"de-DE\"},{\"@type\":\"ImageObject\",\"@id\":\"https:\/\/heino.nl\/de\/grundriss-360-tour\/#primaryimage\",\"inLanguage\":\"de-DE\",\"url\":\"https:\/\/heino.nl\/wp-content\/uploads\/2020\/09\/summercamp-heino-header-2-scaled.jpg\",\"width\":2560,\"height\":1333},{\"@type\":\"WebPage\",\"@id\":\"https:\/\/heino.nl\/de\/grundriss-360-tour\/#webpage\",\"url\":\"https:\/\/heino.nl\/de\/grundriss-360-tour\/\",\"name\":\"Parkplan & 360 Tour - Summercamp Heino\",\"isPartOf\":{\"@id\":\"https:\/\/heino.nl\/#website\"},\"primaryImageOfPage\":{\"@id\":\"https:\/\/heino.nl\/de\/grundriss-360-tour\/#primaryimage\"},\"datePublished\":\"2021-01-18T16:46:29+00:00\",\"dateModified\":\"2023-06-19T10:37:49+00:00\",\"breadcrumb\":{\"@id\":\"https:\/\/heino.nl\/de\/grundriss-360-tour\/#breadcrumb\"},\"inLanguage\":\"de-DE\",\"potentialAction\":[{\"@type\":\"ReadAction\",\"target\":[\"https:\/\/heino.nl\/de\/grundriss-360-tour\/\"]}]},{\"@type\":\"BreadcrumbList\",\"@id\":\"https:\/\/heino.nl\/de\/grundriss-360-tour\/#breadcrumb\",\"itemListElement\":[{\"@type\":\"ListItem\",\"position\":1,\"item\":{\"@type\":\"WebPage\",\"@id\":\"https:\/\/heino.nl\/de\/\",\"url\":\"https:\/\/heino.nl\/de\/\",\"name\":\"Home\"}},{\"@type\":\"ListItem\",\"position\":2,\"item\":{\"@type\":\"WebPage\",\"@id\":\"https:\/\/heino.nl\/de\/grundriss-360-tour\/\",\"url\":\"https:\/\/heino.nl\/de\/grundriss-360-tour\/\",\"name\":\"Parkplan &#038; 360 Tour\"}}]}]}<\/script>\n<!-- \/ Yoast SEO plugin. -->","_links":{"self":[{"href":"https:\/\/heino.nl\/de\/wp-json\/wp\/v2\/pages\/12498"}],"collection":[{"href":"https:\/\/heino.nl\/de\/wp-json\/wp\/v2\/pages"}],"about":[{"href":"https:\/\/heino.nl\/de\/wp-json\/wp\/v2\/types\/page"}],"author":[{"embeddable":true,"href":"https:\/\/heino.nl\/de\/wp-json\/wp\/v2\/users\/11"}],"replies":[{"embeddable":true,"href":"https:\/\/heino.nl\/de\/wp-json\/wp\/v2\/comments?post=12498"}],"version-history":[{"count":1,"href":"https:\/\/heino.nl\/de\/wp-json\/wp\/v2\/pages\/12498\/revisions"}],"predecessor-version":[{"id":14123,"href":"https:\/\/heino.nl\/de\/wp-json\/wp\/v2\/pages\/12498\/revisions\/14123"}],"wp:featuredmedia":[{"embeddable":true,"href":"https:\/\/heino.nl\/de\/wp-json\/wp\/v2\/media\/9406"}],"wp:attachment":[{"href":"https:\/\/heino.nl\/de\/wp-json\/wp\/v2\/media?parent=12498"}],"curies":[{"name":"wp","href":"https:\/\/api.w.org\/{rel}","templated":true}]}}