{"id":12482,"date":"2021-01-18T16:43:08","date_gmt":"2021-01-18T16:43:08","guid":{"rendered":"https:\/\/heino.nl\/bustransport\/"},"modified":"2023-05-04T08:54:58","modified_gmt":"2023-05-04T08:54:58","slug":"bustransport","status":"publish","type":"page","link":"https:\/\/heino.nl\/de\/bustransport\/","title":{"rendered":"Bustransfer und Ausfl\u00fcge"},"content":{"rendered":"<section class=\"l-section wpb_row height_small\"><div class=\"l-section-h i-cf\"><div class=\"g-cols vc_row type_default valign_top\"><div class=\"vc_col-sm-12 wpb_column vc_column_container\"><div class=\"vc_column-inner\"><div class=\"wpb_wrapper\"><div class=\"w-separator size_medium with_line width_default thick_1 style_solid color_primary align_center with_text with_content\"><div class=\"w-separator-h\"><h2 class=\"w-separator-text\"><i class=\"fas fa-bus\"><\/i><span>Eigener Transport mit super netten Busfahrern!<\/span><\/h2><\/div><\/div><div class=\"wpb_text_column\" ><div class=\"wpb_wrapper\"><h4 style=\"text-align: center;\">Keine Probleme mit dem Transport, denn das Summercamp Heino hat einen eigenen Bustransport<br \/>\ndas ist standardm\u00e4\u00dfig in allen Paketen enthalten!<\/h4>\n<\/div><\/div><div class=\"w-separator size_small\"><\/div><div class=\"g-cols wpb_row  type_default valign_top vc_inner\"><div class=\"vc_col-sm-6 wpb_column vc_column_container\"><div class=\"vc_column-inner\"><div class=\"wpb_wrapper\"><div class=\"wpb_text_column\" ><div class=\"wpb_wrapper\"><p>Wenn Sie das Summercamp Heino besuchen, m\u00fcssen Sie den Transport zum und vom Park nicht ber\u00fccksichtigen. Wir haben eigene Busse, mit denen wir g\u00fcnstige Transporte arrangieren k\u00f6nnen. Unsere Pakete beinhalten sogar den Bustransport im Preis. Das spart viel Zeit und macht nat\u00fcrlich viel mehr Spa\u00df! Unsere Busse k\u00f6nnen auch f\u00fcr Ausfl\u00fcge gemietet werden.<\/p>\n<p>Weitere Informationen finden Sie unter <strong><a title=\"ElboBus Bustransport\" href=\"http:\/\/www.elbobus.nl\/\" target=\"_blank\" rel=\"nofollow noopener\">www.ElboBus.nl<\/a><\/strong> und fordern Sie unverbindlich ein Angebot an.<\/p>\n<\/div><\/div><\/div><\/div><\/div><div class=\"vc_col-sm-6 wpb_column vc_column_container\"><div class=\"vc_column-inner\"><div class=\"wpb_wrapper\"><div class=\"w-image us_custom_b99d620c style_shadow-1 align_none\"><div class=\"w-image-h\"><img width=\"960\" height=\"330\" src=\"https:\/\/heino.nl\/wp-content\/uploads\/2020\/12\/1_91-persoons-touringcar.jpg\" class=\"attachment-large size-large\" alt=\"Elbobus 91 persoons touringcar\" loading=\"lazy\" srcset=\"https:\/\/heino.nl\/wp-content\/uploads\/2020\/12\/1_91-persoons-touringcar.jpg 960w, https:\/\/heino.nl\/wp-content\/uploads\/2020\/12\/1_91-persoons-touringcar-300x103.jpg 300w\" sizes=\"(max-width: 960px) 100vw, 960px\" \/><\/div><\/div><\/div><\/div><\/div><\/div><\/div><\/div><\/div><\/div><\/div><\/section>\n","protected":false},"excerpt":{"rendered":"Eigener Transport mit super netten Busfahrern!Keine Probleme mit dem Transport, denn das Summercamp Heino hat einen eigenen Bustransport das ist standardm\u00e4\u00dfig in allen Paketen enthalten! Wenn Sie das Summercamp Heino besuchen, m\u00fcssen Sie den Transport zum und vom Park nicht ber\u00fccksichtigen. Wir haben eigene Busse, mit denen wir g\u00fcnstige Transporte arrangieren k\u00f6nnen. Unsere Pakete beinhalten...","protected":false},"author":11,"featured_media":14379,"parent":0,"menu_order":0,"comment_status":"closed","ping_status":"closed","template":"","meta":[],"yoast_head":"<!-- This site is optimized with the Yoast SEO plugin v15.8 - https:\/\/yoast.com\/wordpress\/plugins\/seo\/ -->\n<title>Bustransfer und Ausfl\u00fcge - Summercamp Heino<\/title>\n<meta name=\"robots\" content=\"index, follow, max-snippet:-1, max-image-preview:large, max-video-preview:-1\" \/>\n<link rel=\"canonical\" href=\"https:\/\/heino.nl\/de\/bustransport\/\" \/>\n<meta property=\"og:locale\" content=\"de_DE\" \/>\n<meta property=\"og:type\" content=\"article\" \/>\n<meta property=\"og:title\" content=\"Bustransfer und Ausfl\u00fcge - Summercamp Heino\" \/>\n<meta property=\"og:url\" content=\"https:\/\/heino.nl\/de\/bustransport\/\" \/>\n<meta property=\"og:site_name\" content=\"Summercamp Heino\" \/>\n<meta property=\"article:modified_time\" content=\"2023-05-04T08:54:58+00:00\" \/>\n<meta property=\"og:image\" content=\"https:\/\/heino.nl\/wp-content\/uploads\/2020\/12\/1_Bussen.jpg\" \/>\n\t<meta property=\"og:image:width\" content=\"960\" \/>\n\t<meta property=\"og:image:height\" content=\"330\" \/>\n<meta name=\"twitter:card\" content=\"summary_large_image\" \/>\n<meta name=\"twitter:label1\" content=\"Gesch\u00e4tzte Lesezeit\">\n\t<meta name=\"twitter:data1\" content=\"1 Minute\">\n<script type=\"application\/ld+json\" class=\"yoast-schema-graph\">{\"@context\":\"https:\/\/schema.org\",\"@graph\":[{\"@type\":\"WebSite\",\"@id\":\"https:\/\/heino.nl\/#website\",\"url\":\"https:\/\/heino.nl\/\",\"name\":\"Recreatiebanen\",\"description\":\"\",\"potentialAction\":[{\"@type\":\"SearchAction\",\"target\":\"https:\/\/heino.nl\/?s={search_term_string}\",\"query-input\":\"required name=search_term_string\"}],\"inLanguage\":\"de-DE\"},{\"@type\":\"ImageObject\",\"@id\":\"https:\/\/heino.nl\/de\/bustransport\/#primaryimage\",\"inLanguage\":\"de-DE\",\"url\":\"https:\/\/heino.nl\/wp-content\/uploads\/2024\/02\/20230504_155928-scaled.jpg\",\"width\":2560,\"height\":1183},{\"@type\":\"WebPage\",\"@id\":\"https:\/\/heino.nl\/de\/bustransport\/#webpage\",\"url\":\"https:\/\/heino.nl\/de\/bustransport\/\",\"name\":\"Bustransfer und Ausfl\\u00fcge - Summercamp Heino\",\"isPartOf\":{\"@id\":\"https:\/\/heino.nl\/#website\"},\"primaryImageOfPage\":{\"@id\":\"https:\/\/heino.nl\/de\/bustransport\/#primaryimage\"},\"datePublished\":\"2021-01-18T16:43:08+00:00\",\"dateModified\":\"2023-05-04T08:54:58+00:00\",\"breadcrumb\":{\"@id\":\"https:\/\/heino.nl\/de\/bustransport\/#breadcrumb\"},\"inLanguage\":\"de-DE\",\"potentialAction\":[{\"@type\":\"ReadAction\",\"target\":[\"https:\/\/heino.nl\/de\/bustransport\/\"]}]},{\"@type\":\"BreadcrumbList\",\"@id\":\"https:\/\/heino.nl\/de\/bustransport\/#breadcrumb\",\"itemListElement\":[{\"@type\":\"ListItem\",\"position\":1,\"item\":{\"@type\":\"WebPage\",\"@id\":\"https:\/\/heino.nl\/de\/\",\"url\":\"https:\/\/heino.nl\/de\/\",\"name\":\"Home\"}},{\"@type\":\"ListItem\",\"position\":2,\"item\":{\"@type\":\"WebPage\",\"@id\":\"https:\/\/heino.nl\/de\/bustransport\/\",\"url\":\"https:\/\/heino.nl\/de\/bustransport\/\",\"name\":\"Bustransfer und Ausfl\\u00fcge\"}}]}]}<\/script>\n<!-- \/ Yoast SEO plugin. -->","_links":{"self":[{"href":"https:\/\/heino.nl\/de\/wp-json\/wp\/v2\/pages\/12482"}],"collection":[{"href":"https:\/\/heino.nl\/de\/wp-json\/wp\/v2\/pages"}],"about":[{"href":"https:\/\/heino.nl\/de\/wp-json\/wp\/v2\/types\/page"}],"author":[{"embeddable":true,"href":"https:\/\/heino.nl\/de\/wp-json\/wp\/v2\/users\/11"}],"replies":[{"embeddable":true,"href":"https:\/\/heino.nl\/de\/wp-json\/wp\/v2\/comments?post=12482"}],"version-history":[{"count":3,"href":"https:\/\/heino.nl\/de\/wp-json\/wp\/v2\/pages\/12482\/revisions"}],"predecessor-version":[{"id":14095,"href":"https:\/\/heino.nl\/de\/wp-json\/wp\/v2\/pages\/12482\/revisions\/14095"}],"wp:featuredmedia":[{"embeddable":true,"href":"https:\/\/heino.nl\/de\/wp-json\/wp\/v2\/media\/14379"}],"wp:attachment":[{"href":"https:\/\/heino.nl\/de\/wp-json\/wp\/v2\/media?parent=12482"}],"curies":[{"name":"wp","href":"https:\/\/api.w.org\/{rel}","templated":true}]}}