{"id":12458,"date":"2021-01-18T16:22:13","date_gmt":"2021-01-18T16:22:13","guid":{"rendered":"https:\/\/heino.nl\/packliste\/"},"modified":"2021-01-18T16:22:14","modified_gmt":"2021-01-18T16:22:14","slug":"packliste","status":"publish","type":"page","link":"https:\/\/heino.nl\/de\/packliste\/","title":{"rendered":"Packliste"},"content":{"rendered":"<section class=\"l-section wpb_row height_small\"><div class=\"l-section-h i-cf\"><div class=\"g-cols vc_row type_default valign_top\"><div class=\"vc_col-sm-12 wpb_column vc_column_container\"><div class=\"vc_column-inner\"><div class=\"wpb_wrapper\"><div class=\"w-separator size_medium with_line width_default thick_1 style_solid color_border align_center with_text with_content\"><div class=\"w-separator-h\"><h2 class=\"w-separator-text\"><i class=\"fas fa-sunglasses\"><\/i><span>Was solltest du mitbringen, wenn du ins Camp gehst?<\/span><\/h2><\/div><\/div><div class=\"wpb_text_column\" ><div class=\"wpb_wrapper\"><h5 style=\"text-align: center\">Vielleicht warst du schon einmal im Sommercamp oder vielleicht ist es dein erstes Mal. Das Packen Ihrer Tasche mit Dingen bleibt oft eine schwierige Aufgabe. Was nimmst du mit und vor allem: was nicht? Bringst du dein Lesebuch mit? Wie viele Paar Socken? Und was solltest du wirklich nicht vergessen? Gl\u00fccklicherweise haben wir bereits etwas mehr Erfahrung mit der Erstellung einer Packliste f\u00fcr das Sommercamp. Wir freuen uns, diese mit Ihnen zu teilen!<\/h5>\n<\/div><\/div><div class=\"w-separator size_medium with_line width_default thick_1 style_solid color_border align_center with_text with_content\"><div class=\"w-separator-h\"><h2 class=\"w-separator-text\"><i class=\"fas fa-suitcase\"><\/i><span>Die ultimative Packliste<\/span><\/h2><\/div><\/div><div class=\"wpb_text_column us_custom_a5c88937\" ><div class=\"wpb_wrapper\"><p style=\"text-align: center\">Sie k\u00f6nnen jeden Artikel unten abhaken, sobald Sie ihn verpackt haben!<\/p>\n<\/div><\/div><\/div><\/div><\/div><\/div><\/div><\/section><section class=\"l-section wpb_row height_auto\"><div class=\"l-section-h i-cf\"><div class=\"g-cols vc_row type_default valign_top\"><div class=\"vc_col-sm-4 wpb_column vc_column_container\"><div class=\"vc_column-inner\"><div class=\"wpb_wrapper\"><div class=\"w-separator size_small with_line width_default thick_1 style_solid color_border align_left with_text with_content\"><div class=\"w-separator-h\"><h5 class=\"w-separator-text\"><i class=\"fas fa-tshirt\"><\/i><span>Kleider<\/span><\/h5><\/div><\/div><div class=\"wpb_text_column\" ><div class=\"wpb_wrapper\"><p><strong>T\u00e4gliche Kleidung<\/strong><br \/>\nSie ben\u00f6tigen t\u00e4glich einige Artikel. Nehmen Sie also genug davon mit. Als Richtlinie k\u00f6nnen Sie ungef\u00e4hr 1 Kleidungsst\u00fcck pro Camp-Tag aufbewahren.<\/p>\n<p> Socken<br \/>\n Unterhose<br \/>\n T-Shirts mit kurzen und langen \u00c4rmeln<\/p>\n<p><strong>Mehrt\u00e4gige Kleidung<\/strong><br \/>\nBei anderen Kleidungsst\u00fccken dauert es etwas l\u00e4nger. 1 oder ein paar Kleidungsst\u00fccke reichen f\u00fcr die gesamte Campwoche aus. Nachdenken \u00fcber:<\/p>\n<p> Kurze Hose<br \/>\n Lange Hosen<br \/>\n Pullover und \/ oder Strickjacke<br \/>\n Kleid und \/ oder Kleid (optional)<\/p>\n<p><strong>Sportbekleidung<\/strong><br \/>\nSportbekleidung ist sehr sch\u00f6n w\u00e4hrend der aktiven Teile, wie zum Beispiel der Outdoor-Aktivit\u00e4ten. Dar\u00fcber hinaus verf\u00fcgt das Sommercamp \u00fcber eine Sporthalle und einen Sportplatz, auf dem Sie Fu\u00dfball, Volleyball, Basketball oder andere Sportarten aus\u00fcben k\u00f6nnen.<\/p>\n<p> T-Shirts und \/ oder Tops<br \/>\n Sportshorts (kurz und \/ oder lang)<br \/>\n Sportsocken<br \/>\n Sport-BH (optional)<\/p>\n<p><strong>Badebekleidung<\/strong><br \/>\nSehr wichtig, weil wir sowohl im Pool als auch in unserem See in Strandn\u00e4he schwimmen werden.<\/p>\n<p> Bikini, Badeanzug oder Badehose<br \/>\n Badetuch&gt;<br \/>\n Badekappe (optional)<br \/>\n Ohrst\u00f6psel gegen Wasser (falls erforderlich)<br \/>\n Armbinden (falls erforderlich)<\/p>\n<p><strong>Regenkleidung<\/strong><br \/>\nHoffentlich nicht n\u00f6tig, aber man wei\u00df es nie! Regenbekleidung vergisst man leicht, weil man sie einfach nicht ber\u00fccksichtigt. Deshalb nicht vergessen!<\/p>\n<p> Ein guter Regenmantel<br \/>\n Regenhose (m\u00f6glicherweise)<\/p>\n<p><strong>Schuhe<\/strong><br \/>\nNat\u00fcrlich bringen Sie Ihre besten Sommerpantoffeln mit. Wir hoffen auf sch\u00f6nes Sommerwetter und es ist auch sch\u00f6n, vor und nach dem Schwimmen Hausschuhe zu tragen. Neben Hausschuhen sollten Sie auch feste Schuhe mitbringen. Dies ist bei Outdoor-Aktivit\u00e4ten obligatorisch. Da Sie mit dem niederl\u00e4ndischen Wetter nie genau wissen, k\u00f6nnen Sie auch Regenstiefel mitbringen. Dies ist nat\u00fcrlich nicht zwingend erforderlich.<\/p>\n<p> Flip Flops<br \/>\n Robustes Schuhwerk<br \/>\n Regenstiefel<br \/>\n Turnschuhe<br \/>\n Sandalen (m\u00f6glicherweise)<\/p>\n<\/div><\/div><\/div><\/div><\/div><div class=\"vc_col-sm-4 wpb_column vc_column_container\"><div class=\"vc_column-inner us_custom_33202699\"><div class=\"wpb_wrapper\"><div class=\"w-separator size_small with_line width_default thick_1 style_solid color_border align_left with_text with_content\"><div class=\"w-separator-h\"><h5 class=\"w-separator-text\"><i class=\"fas fa-toothbrush\"><\/i><span>K\u00f6rperpflege<\/span><\/h5><\/div><\/div><div class=\"wpb_text_column\" ><div class=\"wpb_wrapper\"><p><strong>K\u00f6rperpflege<\/strong><br \/>\n Handt\u00fccher<br \/>\n Ersatzhandtuch<br \/>\n Waschlappen<br \/>\n Zahnb\u00fcrste und Zahnpasta<br \/>\n Mundwasser (falls erforderlich)<br \/>\n Shampoo und Duschgel<br \/>\n Pinsel und \/ oder Kamm<br \/>\n (Nacht-) Halterung (falls erforderlich)<br \/>\n Gel und \/ oder Haarspray (falls erforderlich)<br \/>\n Haargummis (falls erforderlich)<br \/>\n K\u00f6rperlotion (falls erforderlich)<br \/>\n M\u00fcckenschutz<br \/>\n Damenbinden und \/ oder Tampons (falls erforderlich)<br \/>\n Deodorant (falls erforderlich)<\/p>\n<p><strong>Sonnenschutz<\/strong><br \/>\nSehr wichtig, eigentlich f\u00fcr alle. Wir hoffen auf viel Sonne und dann gehen wir zum Strand. Dann ist ein guter Sonnenschutz wirklich ein Muss.<\/p>\n<p> Sonnencreme und Aftersun<br \/>\n Sonnenbrille<br \/>\n Sonnenblende<br \/>\n Hut vor der Sonne<br \/>\n Schal (m\u00f6glicherweise)<\/p>\n<p><strong> M\u00f6glicherweise Medikamente<\/strong><br \/>\nBitte teilen Sie uns im Voraus mit, welche Medikamente Sie einnehmen, und vergessen Sie nicht, diese mitzubringen. Legen Sie sie in eine separate Tasche oder Schachtel und geben Sie sie bei der Ankunft dem Reiseleiter. Auf diese Weise k\u00f6nnen Sie sicher sein, dass sie sicher aufbewahrt werden.<\/p>\n<\/div><\/div><\/div><\/div><\/div><div class=\"vc_col-sm-4 wpb_column vc_column_container\"><div class=\"vc_column-inner\"><div class=\"wpb_wrapper\"><div class=\"w-separator size_small with_line width_default thick_1 style_solid color_border align_left with_text with_content\"><div class=\"w-separator-h\"><h5 class=\"w-separator-text\"><i class=\"fas fa-headphones\"><\/i><span>Auch praktisch!<\/span><\/h5><\/div><\/div><div class=\"wpb_text_column\" ><div class=\"wpb_wrapper\"><p><strong>Schlafzeug<\/strong><br \/>\nDas spricht nat\u00fcrlich f\u00fcr sich. Um gut schlafen zu k\u00f6nnen, braucht man sch\u00f6ne Schlafmittel.<\/p>\n<p> Schlafanzug, Schlafhemd oder Schlafanzug<br \/>\n Kissenbezug<br \/>\n Spannbettuch<br \/>\n Schlafsack und \/ oder Decke<br \/>\n Schlafsack und \/ oder Decke<br \/>\n Schlafmaske (falls erforderlich)<br \/>\n Ohrst\u00f6psel (falls erforderlich)<\/p>\n<p><strong> Ein Rucksack und \/ oder eine Tasche<\/strong><br \/>\nNehmen Sie neben Ihrer gro\u00dfen Tasche oder Ihrem Koffer auch einen kleineren Rucksack mit, wenn wir tags\u00fcber ausgehen. Auf diese Weise m\u00fcssen Sie keine gro\u00dfe Tasche mitnehmen. (Es sei denn, Sie planen nat\u00fcrlich viel einkaufen).<\/p>\n<p><strong> Eine Trinkflasche<\/strong><br \/>\nOb wir an den Strand gehen oder Dinoland oder Slagharen besuchen: Ihre eigene Trinkflasche ist immer griffbereit. Nat\u00fcrlich bekommen Sie auch Getr\u00e4nke von uns.<\/p>\n<p><strong> Lieblingsumarmung<\/strong><br \/>\nVielleicht am wichtigsten. Nehmen Sie w\u00e4hrend des Sommercamps Ihr Lieblingskuscheltier mit und schenken Sie Fluffie, Snoetie, Knorrie, Woezel oder Fluffy einen unvergesslichen Sommerurlaub!<\/p>\n<p><strong> (Kopie von) Ausweis und Krankenversicherungskarte<\/strong><br \/>\nSie brauchen wahrscheinlich nicht beides. Dennoch m\u00fcssen sie nur f\u00fcr den Fall mitbringen.<\/p>\n<\/div><\/div><\/div><\/div><\/div><\/div><\/div><\/section><section class=\"l-section wpb_row height_custom\"><div class=\"l-section-h i-cf\"><div class=\"g-cols vc_row type_default valign_top\"><div class=\"vc_col-sm-12 wpb_column vc_column_container\"><div class=\"vc_column-inner\"><div class=\"wpb_wrapper\"><div class=\"wpb_text_column\" ><div class=\"wpb_wrapper\"><h5 style=\"text-align: center\">Hoffentlich haben wir Ihnen auf Ihrem Weg mit dieser Packliste geholfen.<br \/>\nWenn Sie mehr Inspiration suchen, k\u00f6nnen Sie uns jederzeit kontaktieren.<br \/>\nBis bald alle!<\/h5>\n<\/div><\/div><\/div><\/div><\/div><\/div><\/div><\/section>\n","protected":false},"excerpt":{"rendered":"Was solltest du mitbringen, wenn du ins Camp gehst?Vielleicht warst du schon einmal im Sommercamp oder vielleicht ist es dein erstes Mal. Das Packen Ihrer Tasche mit Dingen bleibt oft eine schwierige Aufgabe. Was nimmst du mit und vor allem: was nicht? Bringst du dein Lesebuch mit? Wie viele Paar Socken? Und was solltest du...","protected":false},"author":11,"featured_media":11458,"parent":0,"menu_order":0,"comment_status":"closed","ping_status":"closed","template":"","meta":[],"yoast_head":"<!-- This site is optimized with the Yoast SEO plugin v15.8 - https:\/\/yoast.com\/wordpress\/plugins\/seo\/ -->\n<title>Packliste - Summercamp Heino<\/title>\n<meta name=\"robots\" content=\"index, follow, max-snippet:-1, max-image-preview:large, max-video-preview:-1\" \/>\n<link rel=\"canonical\" href=\"https:\/\/heino.nl\/de\/packliste\/\" \/>\n<meta property=\"og:locale\" content=\"de_DE\" \/>\n<meta property=\"og:type\" content=\"article\" \/>\n<meta property=\"og:title\" content=\"Packliste - Summercamp Heino\" \/>\n<meta property=\"og:url\" content=\"https:\/\/heino.nl\/de\/packliste\/\" \/>\n<meta property=\"og:site_name\" content=\"Summercamp Heino\" \/>\n<meta property=\"article:modified_time\" content=\"2021-01-18T16:22:14+00:00\" \/>\n<meta property=\"og:image\" content=\"https:\/\/heino.nl\/wp-content\/uploads\/2020\/12\/summer-suitcase-packing-tips-3.webp\" \/>\n\t<meta property=\"og:image:width\" content=\"1000\" \/>\n\t<meta property=\"og:image:height\" content=\"600\" \/>\n<meta name=\"twitter:card\" content=\"summary_large_image\" \/>\n<meta name=\"twitter:label1\" content=\"Gesch\u00e4tzte Lesezeit\">\n\t<meta name=\"twitter:data1\" content=\"4 Minuten\">\n<script type=\"application\/ld+json\" class=\"yoast-schema-graph\">{\"@context\":\"https:\/\/schema.org\",\"@graph\":[{\"@type\":\"WebSite\",\"@id\":\"https:\/\/heino.nl\/#website\",\"url\":\"https:\/\/heino.nl\/\",\"name\":\"Recreatiebanen\",\"description\":\"\",\"potentialAction\":[{\"@type\":\"SearchAction\",\"target\":\"https:\/\/heino.nl\/?s={search_term_string}\",\"query-input\":\"required name=search_term_string\"}],\"inLanguage\":\"de-DE\"},{\"@type\":\"ImageObject\",\"@id\":\"https:\/\/heino.nl\/de\/packliste\/#primaryimage\",\"inLanguage\":\"de-DE\",\"url\":\"https:\/\/heino.nl\/wp-content\/uploads\/2020\/12\/summer-suitcase-packing-tips-3.webp\",\"width\":1000,\"height\":600},{\"@type\":\"WebPage\",\"@id\":\"https:\/\/heino.nl\/de\/packliste\/#webpage\",\"url\":\"https:\/\/heino.nl\/de\/packliste\/\",\"name\":\"Packliste - Summercamp Heino\",\"isPartOf\":{\"@id\":\"https:\/\/heino.nl\/#website\"},\"primaryImageOfPage\":{\"@id\":\"https:\/\/heino.nl\/de\/packliste\/#primaryimage\"},\"datePublished\":\"2021-01-18T16:22:13+00:00\",\"dateModified\":\"2021-01-18T16:22:14+00:00\",\"breadcrumb\":{\"@id\":\"https:\/\/heino.nl\/de\/packliste\/#breadcrumb\"},\"inLanguage\":\"de-DE\",\"potentialAction\":[{\"@type\":\"ReadAction\",\"target\":[\"https:\/\/heino.nl\/de\/packliste\/\"]}]},{\"@type\":\"BreadcrumbList\",\"@id\":\"https:\/\/heino.nl\/de\/packliste\/#breadcrumb\",\"itemListElement\":[{\"@type\":\"ListItem\",\"position\":1,\"item\":{\"@type\":\"WebPage\",\"@id\":\"https:\/\/heino.nl\/de\/\",\"url\":\"https:\/\/heino.nl\/de\/\",\"name\":\"Home\"}},{\"@type\":\"ListItem\",\"position\":2,\"item\":{\"@type\":\"WebPage\",\"@id\":\"https:\/\/heino.nl\/de\/packliste\/\",\"url\":\"https:\/\/heino.nl\/de\/packliste\/\",\"name\":\"Packliste\"}}]}]}<\/script>\n<!-- \/ Yoast SEO plugin. -->","_links":{"self":[{"href":"https:\/\/heino.nl\/de\/wp-json\/wp\/v2\/pages\/12458"}],"collection":[{"href":"https:\/\/heino.nl\/de\/wp-json\/wp\/v2\/pages"}],"about":[{"href":"https:\/\/heino.nl\/de\/wp-json\/wp\/v2\/types\/page"}],"author":[{"embeddable":true,"href":"https:\/\/heino.nl\/de\/wp-json\/wp\/v2\/users\/11"}],"replies":[{"embeddable":true,"href":"https:\/\/heino.nl\/de\/wp-json\/wp\/v2\/comments?post=12458"}],"version-history":[{"count":0,"href":"https:\/\/heino.nl\/de\/wp-json\/wp\/v2\/pages\/12458\/revisions"}],"wp:featuredmedia":[{"embeddable":true,"href":"https:\/\/heino.nl\/de\/wp-json\/wp\/v2\/media\/11458"}],"wp:attachment":[{"href":"https:\/\/heino.nl\/de\/wp-json\/wp\/v2\/media?parent=12458"}],"curies":[{"name":"wp","href":"https:\/\/api.w.org\/{rel}","templated":true}]}}